{"id":29450,"date":"2024-11-21T12:45:39","date_gmt":"2024-11-21T12:45:39","guid":{"rendered":"https:\/\/pruebas.renzobernuy.com\/?page_id=29450"},"modified":"2025-06-09T15:28:34","modified_gmt":"2025-06-09T20:28:34","slug":"libro-de-reclamaciones","status":"publish","type":"page","link":"https:\/\/myoutfie.com\/es\/libro-de-reclamaciones\/","title":{"rendered":"Libro de Reclamaciones"},"content":{"rendered":"<div data-elementor-type=\"wp-page\" data-elementor-id=\"29450\" class=\"elementor elementor-29450\" data-elementor-post-type=\"page\">\n\t\t\t\t<div class=\"elementor-element elementor-element-89ffa02 e-con-full e-flex e-con e-parent\" data-id=\"89ffa02\" data-element_type=\"container\">\n\t\t\t\t<div class=\"elementor-element elementor-element-3f3037d elementor-widget elementor-widget-wd_text_block\" data-id=\"3f3037d\" data-element_type=\"widget\" data-widget_type=\"wd_text_block.default\">\n\t\t\t\t<div class=\"elementor-widget-container\">\n\t\t\t\t\t\t\t<div class=\"wd-text-block reset-last-child text-left\">\n\t\t\t\n\t\t\t<div id=\"comp-lsp2l8ig5\" class=\"HcOXKn c9GqVL QxJLC3 lq2cno YQcXTT comp-lsp2l8ig5 wixui-rich-text\" data-testid=\"richTextElement\"><h2 class=\"font_2 wixui-rich-text__text\"><span style=\"color: #333333; font-size: 16px;\">OUTFIE<\/span><\/h2><\/div><div id=\"comp-m1sd7r27\" class=\"HcOXKn c9GqVL QxJLC3 lq2cno YQcXTT comp-m1sd7r27 wixui-rich-text\" data-testid=\"richTextElement\"><p class=\"font_8 wixui-rich-text__text\"><span class=\"wixui-rich-text__text\">RUC: 20550541930<\/span><\/p><\/div><div id=\"comp-m1schjvu\" class=\"HcOXKn c9GqVL QxJLC3 lq2cno YQcXTT comp-m1schjvu wixui-rich-text\" data-testid=\"richTextElement\"><p class=\"font_8 wixui-rich-text__text\"><span class=\"wixui-rich-text__text\">De acuerdo a los establecido en el C\u00f3digo de Protecci\u00f3n y Defensa del Consumidor, OUTFIE; en adelante VIP SOUL SAC, con RUC 20550541930, cuyo domicilio fiscal en Pasaje Ismael Pozo 105 , San Borja, Lima - Per\u00fa; cuenta con un Libro de Reclamaciones Virtual a su disposici\u00f3n. Al ingresar sus datos en el Libro de Reclamaciones usted est\u00e1 aceptando el tratamiento de sus datos personales para la soluci\u00f3n de su reclamo.<\/span><br class=\"wixui-rich-text__text\" \/>\u00a0<\/p><p class=\"font_8 wixui-rich-text__text\"><span class=\"wixui-rich-text__text\">Al proporcionar tus datos personales mediante este formato, autorizas a VIP SOUL SAC, con RUC 20550541930 a realizar el tratamiento de los mismos conforme a lo establecido en la Pol\u00edtica de Privacidad, la cual se encuentra disponible en esta misma p\u00e1gina web. Al suscribir este formato declaras que has sido informado que no est\u00e1s obligado a otorgar tu autorizaci\u00f3n sobre tus datos sensibles y que, en caso de otorgarla, los mismos se tratar\u00e1n con los m\u00e1s altos est\u00e1ndares de protecci\u00f3n. Dentro de los datos sensibles que podemos llegar a solicitar para tramitar una reclamaci\u00f3n se encuentran los datos de salud porque comercializamos productos que podr\u00edan tener contacto directo con tu piel.El tratamiento de los Datos Personales ser\u00e1 realizado conforme a lo establecido por la legislaci\u00f3n vigente de Per\u00fa en materia de protecci\u00f3n de datos personales y de acuerdo a lo establecido en la Pol\u00edtica de Privacidad de los Sitios Web. VIP SOUL SAC tratar\u00e1 los datos personales con la finalidad de atender el reclamo ingresado por el presente medio.\u00a0<\/span><\/p><\/div>\n\t\t\t\t\t<\/div>\n\t\t\t\t\t\t<\/div>\n\t\t\t\t<\/div>\n\t\t\t\t<\/div>\n\t\t<div class=\"elementor-element elementor-element-bc5c5ce e-con-full e-flex e-con e-parent\" data-id=\"bc5c5ce\" data-element_type=\"container\">\n\t\t\t\t<div class=\"elementor-element elementor-element-61f7980 elementor-button-align-stretch elementor-widget elementor-widget-form\" data-id=\"61f7980\" data-element_type=\"widget\" data-settings=\"{&quot;step_next_label&quot;:&quot;Next&quot;,&quot;step_previous_label&quot;:&quot;Previous&quot;,&quot;button_width&quot;:&quot;100&quot;,&quot;step_type&quot;:&quot;number_text&quot;,&quot;step_icon_shape&quot;:&quot;circle&quot;}\" data-widget_type=\"form.default\">\n\t\t\t\t<div class=\"elementor-widget-container\">\n\t\t\t\t\t\t\t<form class=\"elementor-form\" method=\"post\" name=\"Form Reclamaciones\" aria-label=\"Form Reclamaciones\" action=\"\">\n\t\t\t<input type=\"hidden\" name=\"post_id\" value=\"29450\"\/>\n\t\t\t<input type=\"hidden\" name=\"form_id\" value=\"61f7980\"\/>\n\t\t\t<input type=\"hidden\" name=\"referer_title\" value=\"Libro de Reclamaciones - Outfie\" \/>\n\n\t\t\t\t\t\t\t<input type=\"hidden\" name=\"queried_id\" value=\"29450\"\/>\n\t\t\t\n\t\t\t<div class=\"elementor-form-fields-wrapper elementor-labels-above\">\n\t\t\t\t\t\t\t\t<div class=\"elementor-field-type-date elementor-field-group elementor-column elementor-field-group-name elementor-col-33 elementor-field-required\">\n\t\t\t\t\t\t\t\t\t\t\t\t<label for=\"form-field-name\" class=\"elementor-field-label\">\n\t\t\t\t\t\t\t\tFecha de la queja o reclamo\t\t\t\t\t\t\t<\/label>\n\t\t\t\t\t\t\n\t\t<input type=\"date\" name=\"form_fields[name]\" id=\"form-field-name\" class=\"elementor-field elementor-size-sm  elementor-field-textual elementor-date-field\" required=\"required\" pattern=\"[0-9]{4}-[0-9]{2}-[0-9]{2}\">\n\t\t\t\t\t\t<\/div>\n\t\t\t\t\t\t\t\t<div class=\"elementor-field-type-text elementor-field-group elementor-column elementor-field-group-field_e4d7822 elementor-col-33 elementor-field-required\">\n\t\t\t\t\t\t\t\t\t\t\t\t<label for=\"form-field-field_e4d7822\" class=\"elementor-field-label\">\n\t\t\t\t\t\t\t\tNombre(s)\t\t\t\t\t\t\t<\/label>\n\t\t\t\t\t\t\t\t\t\t\t\t\t\t<input size=\"1\" type=\"text\" name=\"form_fields[field_e4d7822]\" id=\"form-field-field_e4d7822\" class=\"elementor-field elementor-size-sm  elementor-field-textual\" required=\"required\">\n\t\t\t\t\t\t\t\t\t\t\t<\/div>\n\t\t\t\t\t\t\t\t<div class=\"elementor-field-type-text elementor-field-group elementor-column elementor-field-group-field_ec3ee20 elementor-col-33 elementor-field-required\">\n\t\t\t\t\t\t\t\t\t\t\t\t<label for=\"form-field-field_ec3ee20\" class=\"elementor-field-label\">\n\t\t\t\t\t\t\t\tApellido(s)\t\t\t\t\t\t\t<\/label>\n\t\t\t\t\t\t\t\t\t\t\t\t\t\t<input size=\"1\" type=\"text\" name=\"form_fields[field_ec3ee20]\" id=\"form-field-field_ec3ee20\" class=\"elementor-field elementor-size-sm  elementor-field-textual\" required=\"required\">\n\t\t\t\t\t\t\t\t\t\t\t<\/div>\n\t\t\t\t\t\t\t\t<div class=\"elementor-field-type-tel elementor-field-group elementor-column elementor-field-group-field_46832d4 elementor-col-25 elementor-field-required\">\n\t\t\t\t\t\t\t\t\t\t\t\t<label for=\"form-field-field_46832d4\" class=\"elementor-field-label\">\n\t\t\t\t\t\t\t\tTelefono (incluye c\u00f3digo pa\u00eds)\t\t\t\t\t\t\t<\/label>\n\t\t\t\t\t\t\t\t<input size=\"1\" type=\"tel\" name=\"form_fields[field_46832d4]\" id=\"form-field-field_46832d4\" class=\"elementor-field elementor-size-sm  elementor-field-textual\" required=\"required\" pattern=\"[0-9()#&amp;+*-=.]+\" title=\"Only numbers and phone characters (#, -, *, etc) are accepted.\" data-no-translation-title=\"\">\n\n\t\t\t\t\t\t<\/div>\n\t\t\t\t\t\t\t\t<div class=\"elementor-field-type-email elementor-field-group elementor-column elementor-field-group-field_82769e1 elementor-col-25 elementor-field-required\">\n\t\t\t\t\t\t\t\t\t\t\t\t<label for=\"form-field-field_82769e1\" class=\"elementor-field-label\">\n\t\t\t\t\t\t\t\tEmail\t\t\t\t\t\t\t<\/label>\n\t\t\t\t\t\t\t\t\t\t\t\t\t\t<input size=\"1\" type=\"email\" name=\"form_fields[field_82769e1]\" id=\"form-field-field_82769e1\" class=\"elementor-field elementor-size-sm  elementor-field-textual\" required=\"required\">\n\t\t\t\t\t\t\t\t\t\t\t<\/div>\n\t\t\t\t\t\t\t\t<div class=\"elementor-field-type-select elementor-field-group elementor-column elementor-field-group-field_fb3c461 elementor-col-25 elementor-field-required\">\n\t\t\t\t\t\t\t\t\t\t\t\t<label for=\"form-field-field_fb3c461\" class=\"elementor-field-label\">\n\t\t\t\t\t\t\t\tTipo de documento\t\t\t\t\t\t\t<\/label>\n\t\t\t\t\t\t\t\t<div class=\"elementor-field elementor-select-wrapper remove-before\">\n\t\t\t<div class=\"select-caret-down-wrapper\">\n\t\t\t\t<svg aria-hidden=\"true\" class=\"e-font-icon-svg e-eicon-caret-down\" viewbox=\"0 0 571.4 571.4\" xmlns=\"http:\/\/www.w3.org\/2000\/svg\"><path d=\"M571 393Q571 407 561 418L311 668Q300 679 286 679T261 668L11 418Q0 407 0 393T11 368 36 357H536Q550 357 561 368T571 393Z\"><\/path><\/svg>\t\t\t<\/div>\n\t\t\t<select name=\"form_fields[field_fb3c461]\" id=\"form-field-field_fb3c461\" class=\"elementor-field-textual elementor-size-sm\" required=\"required\">\n\t\t\t\t\t\t\t\t\t<option value=\"DNI\">DNI<\/option>\n\t\t\t\t\t\t\t\t\t<option value=\"Carnet de extranjeria\">Carnet de extranjeria<\/option>\n\t\t\t\t\t\t\t\t\t<option value=\"RUC\">RUC<\/option>\n\t\t\t\t\t\t\t<\/select>\n\t\t<\/div>\n\t\t\t\t\t\t<\/div>\n\t\t\t\t\t\t\t\t<div class=\"elementor-field-type-text elementor-field-group elementor-column elementor-field-group-field_e2b8127 elementor-col-25 elementor-field-required\">\n\t\t\t\t\t\t\t\t\t\t\t\t<label for=\"form-field-field_e2b8127\" class=\"elementor-field-label\">\n\t\t\t\t\t\t\t\tIngresa tu documento\t\t\t\t\t\t\t<\/label>\n\t\t\t\t\t\t\t\t\t\t\t\t\t\t<input size=\"1\" type=\"text\" name=\"form_fields[field_e2b8127]\" id=\"form-field-field_e2b8127\" class=\"elementor-field elementor-size-sm  elementor-field-textual\" required=\"required\">\n\t\t\t\t\t\t\t\t\t\t\t<\/div>\n\t\t\t\t\t\t\t\t<div class=\"elementor-field-type-text elementor-field-group elementor-column elementor-field-group-field_644436e elementor-col-25 elementor-field-required\">\n\t\t\t\t\t\t\t\t\t\t\t\t<label for=\"form-field-field_644436e\" class=\"elementor-field-label\">\n\t\t\t\t\t\t\t\tDomicilio\t\t\t\t\t\t\t<\/label>\n\t\t\t\t\t\t\t\t\t\t\t\t\t\t<input size=\"1\" type=\"text\" name=\"form_fields[field_644436e]\" id=\"form-field-field_644436e\" class=\"elementor-field elementor-size-sm  elementor-field-textual\" required=\"required\">\n\t\t\t\t\t\t\t\t\t\t\t<\/div>\n\t\t\t\t\t\t\t\t<div class=\"elementor-field-type-text elementor-field-group elementor-column elementor-field-group-field_62e1434 elementor-col-25 elementor-field-required\">\n\t\t\t\t\t\t\t\t\t\t\t\t<label for=\"form-field-field_62e1434\" class=\"elementor-field-label\">\n\t\t\t\t\t\t\t\tDepartamento\t\t\t\t\t\t\t<\/label>\n\t\t\t\t\t\t\t\t\t\t\t\t\t\t<input size=\"1\" type=\"text\" name=\"form_fields[field_62e1434]\" id=\"form-field-field_62e1434\" class=\"elementor-field elementor-size-sm  elementor-field-textual\" required=\"required\">\n\t\t\t\t\t\t\t\t\t\t\t<\/div>\n\t\t\t\t\t\t\t\t<div class=\"elementor-field-type-text elementor-field-group elementor-column elementor-field-group-field_99f1b10 elementor-col-25 elementor-field-required\">\n\t\t\t\t\t\t\t\t\t\t\t\t<label for=\"form-field-field_99f1b10\" class=\"elementor-field-label\">\n\t\t\t\t\t\t\t\tProvincia\t\t\t\t\t\t\t<\/label>\n\t\t\t\t\t\t\t\t\t\t\t\t\t\t<input size=\"1\" type=\"text\" name=\"form_fields[field_99f1b10]\" id=\"form-field-field_99f1b10\" class=\"elementor-field elementor-size-sm  elementor-field-textual\" required=\"required\">\n\t\t\t\t\t\t\t\t\t\t\t<\/div>\n\t\t\t\t\t\t\t\t<div class=\"elementor-field-type-text elementor-field-group elementor-column elementor-field-group-field_e759f98 elementor-col-25 elementor-field-required\">\n\t\t\t\t\t\t\t\t\t\t\t\t<label for=\"form-field-field_e759f98\" class=\"elementor-field-label\">\n\t\t\t\t\t\t\t\tDistrito\t\t\t\t\t\t\t<\/label>\n\t\t\t\t\t\t\t\t\t\t\t\t\t\t<input size=\"1\" type=\"text\" name=\"form_fields[field_e759f98]\" id=\"form-field-field_e759f98\" class=\"elementor-field elementor-size-sm  elementor-field-textual\" required=\"required\">\n\t\t\t\t\t\t\t\t\t\t\t<\/div>\n\t\t\t\t\t\t\t\t<div class=\"elementor-field-type-radio elementor-field-group elementor-column elementor-field-group-field_e68b95a elementor-col-100\">\n\t\t\t\t\t\t\t\t\t\t\t\t<label for=\"form-field-field_e68b95a\" class=\"elementor-field-label\">\n\t\t\t\t\t\t\t\tSi eres menor de edad, llena los datos de tu madre, padre o tutor.\t\t\t\t\t\t\t<\/label>\n\t\t\t\t\t\t<div class=\"elementor-field-subgroup\"><span class=\"elementor-field-option\"><input type=\"radio\" value=\"Soy mayor de edad 18+\" id=\"form-field-field_e68b95a-0\" name=\"form_fields[field_e68b95a]\"> <label for=\"form-field-field_e68b95a-0\">Soy mayor de edad 18+<\/label><\/span><\/div>\t\t\t\t<\/div>\n\t\t\t\t\t\t\t\t<div class=\"elementor-field-type-radio elementor-field-group elementor-column elementor-field-group-field_f96a7dc elementor-col-33 elementor-field-required\">\n\t\t\t\t\t\t\t\t\t\t\t\t<label for=\"form-field-field_f96a7dc\" class=\"elementor-field-label\">\n\t\t\t\t\t\t\t\tCanal de compra\t\t\t\t\t\t\t<\/label>\n\t\t\t\t\t\t<div class=\"elementor-field-subgroup\"><span class=\"elementor-field-option\"><input type=\"radio\" value=\"Web\" id=\"form-field-field_f96a7dc-0\" name=\"form_fields[field_f96a7dc]\" required=\"required\"> <label for=\"form-field-field_f96a7dc-0\">Web<\/label><\/span><span class=\"elementor-field-option\"><input type=\"radio\" value=\"Instagram\" id=\"form-field-field_f96a7dc-1\" name=\"form_fields[field_f96a7dc]\" required=\"required\"> <label for=\"form-field-field_f96a7dc-1\">Instagram<\/label><\/span><span class=\"elementor-field-option\"><input type=\"radio\" value=\"Whatsapp\" id=\"form-field-field_f96a7dc-2\" name=\"form_fields[field_f96a7dc]\" required=\"required\"> <label for=\"form-field-field_f96a7dc-2\">Whatsapp<\/label><\/span><\/div>\t\t\t\t<\/div>\n\t\t\t\t\t\t\t\t<div class=\"elementor-field-type-text elementor-field-group elementor-column elementor-field-group-field_298e78c elementor-col-33 elementor-field-required\">\n\t\t\t\t\t\t\t\t\t\t\t\t<label for=\"form-field-field_298e78c\" class=\"elementor-field-label\">\n\t\t\t\t\t\t\t\tProducto(s)\/Servicio(s)  adquirido\t\t\t\t\t\t\t<\/label>\n\t\t\t\t\t\t\t\t\t\t\t\t\t\t<input size=\"1\" type=\"text\" name=\"form_fields[field_298e78c]\" id=\"form-field-field_298e78c\" class=\"elementor-field elementor-size-sm  elementor-field-textual\" required=\"required\">\n\t\t\t\t\t\t\t\t\t\t\t<\/div>\n\t\t\t\t\t\t\t\t<div class=\"elementor-field-type-text elementor-field-group elementor-column elementor-field-group-field_1cfddb3 elementor-col-33 elementor-field-required\">\n\t\t\t\t\t\t\t\t\t\t\t\t<label for=\"form-field-field_1cfddb3\" class=\"elementor-field-label\">\n\t\t\t\t\t\t\t\tCosto del producto\/servicio adquirido\t\t\t\t\t\t\t<\/label>\n\t\t\t\t\t\t\t\t\t\t\t\t\t\t<input size=\"1\" type=\"text\" name=\"form_fields[field_1cfddb3]\" id=\"form-field-field_1cfddb3\" class=\"elementor-field elementor-size-sm  elementor-field-textual\" required=\"required\">\n\t\t\t\t\t\t\t\t\t\t\t<\/div>\n\t\t\t\t\t\t\t\t<div class=\"elementor-field-type-radio elementor-field-group elementor-column elementor-field-group-field_24c3b27 elementor-col-33 elementor-field-required\">\n\t\t\t\t\t\t\t\t\t\t\t\t<label for=\"form-field-field_24c3b27\" class=\"elementor-field-label\">\n\t\t\t\t\t\t\t\tReclamo o Queja\t\t\t\t\t\t\t<\/label>\n\t\t\t\t\t\t<div class=\"elementor-field-subgroup\"><span class=\"elementor-field-option\"><input type=\"radio\" value=\"Reclamo: Disconformidad relacionada a los productos o servicios\" id=\"form-field-field_24c3b27-0\" name=\"form_fields[field_24c3b27]\" required=\"required\"> <label for=\"form-field-field_24c3b27-0\">Reclamo: Disconformidad relacionada a los productos o servicios<\/label><\/span><span class=\"elementor-field-option\"><input type=\"radio\" value=\"Queja: Disconformidad no relacionada a los productos o servicios; o, malestar o descontento respecto a la atenci\u00f3n al p\u00fablico\" id=\"form-field-field_24c3b27-1\" name=\"form_fields[field_24c3b27]\" required=\"required\"> <label for=\"form-field-field_24c3b27-1\">Queja: Disconformidad no relacionada a los productos o servicios; o, malestar o descontento respecto a la atenci\u00f3n al p\u00fablico<\/label><\/span><\/div>\t\t\t\t<\/div>\n\t\t\t\t\t\t\t\t<div class=\"elementor-field-type-textarea elementor-field-group elementor-column elementor-field-group-field_838ad9d elementor-col-100\">\n\t\t\t\t\t\t\t\t\t\t\t\t<label for=\"form-field-field_838ad9d\" class=\"elementor-field-label\">\n\t\t\t\t\t\t\t\tDetalle de la reclamaci\u00f3n o queja\t\t\t\t\t\t\t<\/label>\n\t\t\t\t\t\t<textarea class=\"elementor-field-textual elementor-field  elementor-size-sm\" name=\"form_fields[field_838ad9d]\" id=\"form-field-field_838ad9d\" rows=\"4\"><\/textarea>\t\t\t\t<\/div>\n\t\t\t\t\t\t\t\t<div class=\"elementor-field-type-textarea elementor-field-group elementor-column elementor-field-group-field_3d08053 elementor-col-100\">\n\t\t\t\t\t\t\t\t\t\t\t\t<label for=\"form-field-field_3d08053\" class=\"elementor-field-label\">\n\t\t\t\t\t\t\t\tPedido del consumidor\t\t\t\t\t\t\t<\/label>\n\t\t\t\t\t\t<textarea class=\"elementor-field-textual elementor-field  elementor-size-sm\" name=\"form_fields[field_3d08053]\" id=\"form-field-field_3d08053\" rows=\"4\"><\/textarea>\t\t\t\t<\/div>\n\t\t\t\t\t\t\t\t<div class=\"elementor-field-type-radio elementor-field-group elementor-column elementor-field-group-field_d8d460e elementor-col-33 elementor-field-required\">\n\t\t\t\t\t\t\t\t\t\t\t\t<label for=\"form-field-field_d8d460e\" class=\"elementor-field-label\">\n\t\t\t\t\t\t\t\tMedio por el cual se desea recibir respuesta\t\t\t\t\t\t\t<\/label>\n\t\t\t\t\t\t<div class=\"elementor-field-subgroup\"><span class=\"elementor-field-option\"><input type=\"radio\" value=\"Telefono\" id=\"form-field-field_d8d460e-0\" name=\"form_fields[field_d8d460e]\" required=\"required\"> <label for=\"form-field-field_d8d460e-0\">Telefono<\/label><\/span><span class=\"elementor-field-option\"><input type=\"radio\" value=\"Correo\" id=\"form-field-field_d8d460e-1\" name=\"form_fields[field_d8d460e]\" required=\"required\"> <label for=\"form-field-field_d8d460e-1\">Correo<\/label><\/span><\/div>\t\t\t\t<\/div>\n\t\t\t\t\t\t\t\t<div class=\"elementor-field-type-acceptance elementor-field-group elementor-column elementor-field-group-field_c6e3af1 elementor-col-100 elementor-field-required\">\n\t\t\t\t\t\t\t<div class=\"elementor-field-subgroup\">\n\t\t\t<span class=\"elementor-field-option\">\n\t\t\t\t<input type=\"checkbox\" name=\"form_fields[field_c6e3af1]\" id=\"form-field-field_c6e3af1\" class=\"elementor-field elementor-size-sm  elementor-acceptance-field\" required=\"required\">\n\t\t\t\t<label for=\"form-field-field_c6e3af1\">Acepto los T&C y la Pol\u00edtica de Privacidad y Datos.<\/label>\t\t\t<\/span>\n\t\t<\/div>\n\t\t\t\t\t\t<\/div>\n\t\t\t\t\t\t\t\t<div class=\"elementor-field-type-recaptcha_v3 elementor-field-group elementor-column elementor-field-group-field_5dc51a8 elementor-col-100 recaptcha_v3-bottomright\">\n\t\t\t\t\t<div class=\"elementor-field\" id=\"form-field-field_5dc51a8\"><div class=\"elementor-g-recaptcha\" data-sitekey=\"6LcTtJAqAAAAAJ5FXbxX4qPFpxTEQpl6gvPwAvTb\" data-type=\"v3\" data-action=\"Form\" data-badge=\"bottomright\" data-size=\"invisible\"><\/div><\/div>\t\t\t\t<\/div>\n\t\t\t\t\t\t\t\t<div class=\"elementor-field-group elementor-column elementor-field-type-submit elementor-col-100 e-form__buttons\">\n\t\t\t\t\t<button class=\"elementor-button elementor-size-sm\" type=\"submit\">\n\t\t\t\t\t\t<span class=\"elementor-button-content-wrapper\">\n\t\t\t\t\t\t\t\t\t\t\t\t\t\t\t\t\t\t\t\t\t\t<span class=\"elementor-button-text\">ENVIAR<\/span>\n\t\t\t\t\t\t\t\t\t\t\t\t\t<\/span>\n\t\t\t\t\t<\/button>\n\t\t\t\t<\/div>\n\t\t\t<\/div>\n\t\t<input type=\"hidden\" name=\"trp-form-language\" value=\"es\"\/><\/form>\n\t\t\t\t\t\t<\/div>\n\t\t\t\t<\/div>\n\t\t\t\t<\/div>\n\t\t\t\t<\/div>","protected":false},"excerpt":{"rendered":"<p>OUTFIE RUC: 20550541930 De acuerdo a los establecido en el C\u00f3digo de Protecci\u00f3n y Defensa del Consumidor, OUTFIE; en adelante<\/p>","protected":false},"author":1,"featured_media":0,"parent":0,"menu_order":0,"comment_status":"closed","ping_status":"closed","template":"","meta":{"_acf_changed":false,"footnotes":""},"class_list":["post-29450","page","type-page","status-publish","hentry"],"acf":[],"yoast_head":"<!-- This site is optimized with the Yoast SEO plugin v26.8 - https:\/\/yoast.com\/product\/yoast-seo-wordpress\/ -->\n<title>Libro de Reclamaciones - Outfie<\/title>\n<meta name=\"description\" content=\"Outfie - Libro de Reclamaciones %\" \/>\n<meta name=\"robots\" content=\"noindex, nofollow\" \/>\n<meta property=\"og:locale\" content=\"es_MX\" \/>\n<meta property=\"og:type\" content=\"article\" \/>\n<meta property=\"og:title\" content=\"Libro de Reclamaciones - Outfie\" \/>\n<meta property=\"og:description\" content=\"Outfie - Libro de Reclamaciones %\" \/>\n<meta property=\"og:url\" content=\"https:\/\/myoutfie.com\/es\/libro-de-reclamaciones\/\" \/>\n<meta property=\"og:site_name\" content=\"Outfie\" \/>\n<meta property=\"article:publisher\" content=\"https:\/\/www.facebook.com\/outfieoficial\" \/>\n<meta property=\"article:modified_time\" content=\"2025-06-09T20:28:34+00:00\" \/>\n<meta name=\"twitter:card\" content=\"summary_large_image\" \/>\n<meta name=\"twitter:label1\" content=\"Tiempo de lectura\" \/>\n\t<meta name=\"twitter:data1\" content=\"2 minutos\" \/>\n<script type=\"application\/ld+json\" class=\"yoast-schema-graph\">{\"@context\":\"https:\/\/schema.org\",\"@graph\":[{\"@type\":\"WebPage\",\"@id\":\"https:\/\/myoutfie.com\/libro-de-reclamaciones\/\",\"url\":\"https:\/\/myoutfie.com\/libro-de-reclamaciones\/\",\"name\":\"Libro de Reclamaciones - Outfie\",\"isPartOf\":{\"@id\":\"https:\/\/myoutfie.com\/#website\"},\"datePublished\":\"2024-11-21T12:45:39+00:00\",\"dateModified\":\"2025-06-09T20:28:34+00:00\",\"description\":\"Outfie - Libro de Reclamaciones %\",\"breadcrumb\":{\"@id\":\"https:\/\/myoutfie.com\/libro-de-reclamaciones\/#breadcrumb\"},\"inLanguage\":\"es\",\"potentialAction\":[{\"@type\":\"ReadAction\",\"target\":[\"https:\/\/myoutfie.com\/libro-de-reclamaciones\/\"]}]},{\"@type\":\"BreadcrumbList\",\"@id\":\"https:\/\/myoutfie.com\/libro-de-reclamaciones\/#breadcrumb\",\"itemListElement\":[{\"@type\":\"ListItem\",\"position\":1,\"name\":\"Home\",\"item\":\"https:\/\/myoutfie.com\/\"},{\"@type\":\"ListItem\",\"position\":2,\"name\":\"Libro de Reclamaciones\"}]},{\"@type\":\"WebSite\",\"@id\":\"https:\/\/myoutfie.com\/#website\",\"url\":\"https:\/\/myoutfie.com\/\",\"name\":\"Outfie\",\"description\":\"Asesoria de imagen, cursos de moda personal y nuestra tienda online de ropa y accesorios para optimizar tu closet\",\"publisher\":{\"@id\":\"https:\/\/myoutfie.com\/#organization\"},\"potentialAction\":[{\"@type\":\"SearchAction\",\"target\":{\"@type\":\"EntryPoint\",\"urlTemplate\":\"https:\/\/myoutfie.com\/?s={search_term_string}\"},\"query-input\":{\"@type\":\"PropertyValueSpecification\",\"valueRequired\":true,\"valueName\":\"search_term_string\"}}],\"inLanguage\":\"es\"},{\"@type\":\"Organization\",\"@id\":\"https:\/\/myoutfie.com\/#organization\",\"name\":\"Outfie\",\"url\":\"https:\/\/myoutfie.com\/\",\"logo\":{\"@type\":\"ImageObject\",\"inLanguage\":\"es\",\"@id\":\"https:\/\/myoutfie.com\/#\/schema\/logo\/image\/\",\"url\":\"https:\/\/myoutfie.com\/wp-content\/uploads\/2024\/11\/logo-nuevo-negro-100-px.png\",\"contentUrl\":\"https:\/\/myoutfie.com\/wp-content\/uploads\/2024\/11\/logo-nuevo-negro-100-px.png\",\"width\":100,\"height\":22,\"caption\":\"Outfie\"},\"image\":{\"@id\":\"https:\/\/myoutfie.com\/#\/schema\/logo\/image\/\"},\"sameAs\":[\"https:\/\/www.facebook.com\/outfieoficial\",\"https:\/\/www.pinterest.com\/outfie\"]}]}<\/script>\n<!-- \/ Yoast SEO plugin. -->","yoast_head_json":{"title":"Libro de Reclamaciones - Outfie","description":"Outfie - Libro de Reclamaciones %","robots":{"index":"noindex","follow":"nofollow"},"og_locale":"es_MX","og_type":"article","og_title":"Libro de Reclamaciones - Outfie","og_description":"Outfie - Libro de Reclamaciones %","og_url":"https:\/\/myoutfie.com\/es\/libro-de-reclamaciones\/","og_site_name":"Outfie","article_publisher":"https:\/\/www.facebook.com\/outfieoficial","article_modified_time":"2025-06-09T20:28:34+00:00","twitter_card":"summary_large_image","twitter_misc":{"Tiempo de lectura":"2 minutos"},"schema":{"@context":"https:\/\/schema.org","@graph":[{"@type":"WebPage","@id":"https:\/\/myoutfie.com\/libro-de-reclamaciones\/","url":"https:\/\/myoutfie.com\/libro-de-reclamaciones\/","name":"Libro de Reclamaciones - Outfie","isPartOf":{"@id":"https:\/\/myoutfie.com\/#website"},"datePublished":"2024-11-21T12:45:39+00:00","dateModified":"2025-06-09T20:28:34+00:00","description":"Outfie - Libro de Reclamaciones %","breadcrumb":{"@id":"https:\/\/myoutfie.com\/libro-de-reclamaciones\/#breadcrumb"},"inLanguage":"es","potentialAction":[{"@type":"ReadAction","target":["https:\/\/myoutfie.com\/libro-de-reclamaciones\/"]}]},{"@type":"BreadcrumbList","@id":"https:\/\/myoutfie.com\/libro-de-reclamaciones\/#breadcrumb","itemListElement":[{"@type":"ListItem","position":1,"name":"Home","item":"https:\/\/myoutfie.com\/"},{"@type":"ListItem","position":2,"name":"Libro de Reclamaciones"}]},{"@type":"WebSite","@id":"https:\/\/myoutfie.com\/#website","url":"https:\/\/myoutfie.com\/","name":"Outfie","description":"Asesoria de imagen, cursos de moda personal y nuestra tienda online de ropa y accesorios para optimizar tu closet","publisher":{"@id":"https:\/\/myoutfie.com\/#organization"},"potentialAction":[{"@type":"SearchAction","target":{"@type":"EntryPoint","urlTemplate":"https:\/\/myoutfie.com\/?s={search_term_string}"},"query-input":{"@type":"PropertyValueSpecification","valueRequired":true,"valueName":"search_term_string"}}],"inLanguage":"es"},{"@type":"Organization","@id":"https:\/\/myoutfie.com\/#organization","name":"Outfie","url":"https:\/\/myoutfie.com\/","logo":{"@type":"ImageObject","inLanguage":"es","@id":"https:\/\/myoutfie.com\/#\/schema\/logo\/image\/","url":"https:\/\/myoutfie.com\/wp-content\/uploads\/2024\/11\/logo-nuevo-negro-100-px.png","contentUrl":"https:\/\/myoutfie.com\/wp-content\/uploads\/2024\/11\/logo-nuevo-negro-100-px.png","width":100,"height":22,"caption":"Outfie"},"image":{"@id":"https:\/\/myoutfie.com\/#\/schema\/logo\/image\/"},"sameAs":["https:\/\/www.facebook.com\/outfieoficial","https:\/\/www.pinterest.com\/outfie"]}]}},"_links":{"self":[{"href":"https:\/\/myoutfie.com\/es\/wp-json\/wp\/v2\/pages\/29450","targetHints":{"allow":["GET"]}}],"collection":[{"href":"https:\/\/myoutfie.com\/es\/wp-json\/wp\/v2\/pages"}],"about":[{"href":"https:\/\/myoutfie.com\/es\/wp-json\/wp\/v2\/types\/page"}],"author":[{"embeddable":true,"href":"https:\/\/myoutfie.com\/es\/wp-json\/wp\/v2\/users\/1"}],"replies":[{"embeddable":true,"href":"https:\/\/myoutfie.com\/es\/wp-json\/wp\/v2\/comments?post=29450"}],"version-history":[{"count":87,"href":"https:\/\/myoutfie.com\/es\/wp-json\/wp\/v2\/pages\/29450\/revisions"}],"predecessor-version":[{"id":37138,"href":"https:\/\/myoutfie.com\/es\/wp-json\/wp\/v2\/pages\/29450\/revisions\/37138"}],"wp:attachment":[{"href":"https:\/\/myoutfie.com\/es\/wp-json\/wp\/v2\/media?parent=29450"}],"curies":[{"name":"wp","href":"https:\/\/api.w.org\/{rel}","templated":true}]}}