{"id":29951,"date":"2024-11-22T11:41:31","date_gmt":"2024-11-22T11:41:31","guid":{"rendered":"https:\/\/pruebas.renzobernuy.com\/?page_id=29951"},"modified":"2024-12-07T19:01:20","modified_gmt":"2024-12-08T00:01:20","slug":"faq","status":"publish","type":"page","link":"https:\/\/myoutfie.com\/es\/faq\/","title":{"rendered":"FAQ"},"content":{"rendered":"<div data-elementor-type=\"wp-page\" data-elementor-id=\"29951\" class=\"elementor elementor-29951\" data-elementor-post-type=\"page\">\n\t\t\t\t<div class=\"elementor-element elementor-element-1fcf730 e-flex e-con-boxed e-con e-parent\" data-id=\"1fcf730\" data-element_type=\"container\">\n\t\t\t\t\t<div class=\"e-con-inner\">\n\t\t<div class=\"elementor-element elementor-element-4023021 e-con-full e-flex e-con e-child\" data-id=\"4023021\" data-element_type=\"container\">\n\t\t\t\t<div class=\"elementor-element elementor-element-170aae9 wd-width-100 elementor-widget elementor-widget-wd_title\" data-id=\"170aae9\" data-element_type=\"widget\" data-widget_type=\"wd_title.default\">\n\t\t\t\t<div class=\"elementor-widget-container\">\n\t\t\t\t\t\t\t<div class=\"title-wrapper wd-set-mb reset-last-child wd-title-color-default wd-title-style-default wd-title-size-default text-left\">\n\n\t\t\t\n\t\t\t<div class=\"liner-continer\">\n\t\t\t\t<h4 class=\"woodmart-title-container title wd-fontsize-l\">FAQ<\/h4> \n\t\t\t\t\t\t\t<\/div>\n\n\t\t\t\t\t<\/div>\n\t\t\t\t\t\t<\/div>\n\t\t\t\t<\/div>\n\t\t\t\t<div class=\"elementor-element elementor-element-e5078f6 elementor-widget elementor-widget-wd_accordion\" data-id=\"e5078f6\" data-element_type=\"widget\" data-widget_type=\"wd_accordion.default\">\n\t\t\t\t<div class=\"elementor-widget-container\">\n\t\t\t\t\t\n\t\t<div class=\"wd-accordion wd-style-default wd-titles-left wd-opener-pos-right wd-opener-style-arrow\" data-state=\"first\">\n\t\t\t\t\t\t\t\n\t\t\t\t<div class=\"wd-accordion-item\">\n\t\t\t\t\t<div class=\"wd-accordion-title wd-active\" data-accordion-index=\"0\">\n\t\t\t\t\t\t<div class=\"wd-accordion-title-text\">\n\t\t\t\t\t\t\t\t\t\t\t\t\t\t<span>\n\t\t\t\t\t\t\t\t1. \u00bfHay un monto m\u00ednimo de compra?\t\t\t\t\t\t\t<\/span>\n\t\t\t\t\t\t<\/div>\n\t\t\t\t\t\t<span class=\"wd-accordion-opener\"><\/span>\n\t\t\t\t\t<\/div>\n\n\t\t\t\t\t<div class=\"wd-accordion-content wd-entry-content wd-active\" data-accordion-index=\"0\">\n\t\t\t\t\t\t\t\t\t\t\t\t\t\n\t\t\t\t\t\t\t<p class=\"cgHgbA nxe3IQ Xp24Nw\"><span class=\"OYPEnA\">No hay monto m\u00ednimo de compra. Pero si deseas que el costo de env\u00edo sea GRATUITO dentro de Lima Metropolitana, tus compras deber\u00e1n ser a partir de S\/. 390<\/span><\/p>\n\t\t\t\t\t\t\t\t\t\t\t\t\t\t\t\t\t\t<\/div>\n\t\t\t\t<\/div>\n\t\t\t\t\t\t\t\n\t\t\t\t<div class=\"wd-accordion-item\">\n\t\t\t\t\t<div class=\"wd-accordion-title\" data-accordion-index=\"1\">\n\t\t\t\t\t\t<div class=\"wd-accordion-title-text\">\n\t\t\t\t\t\t\t\t\t\t\t\t\t\t<span>\n\t\t\t\t\t\t\t\t2. \u00bfCu\u00e1ndo llegar\u00e1 mi pedido?\t\t\t\t\t\t\t<\/span>\n\t\t\t\t\t\t<\/div>\n\t\t\t\t\t\t<span class=\"wd-accordion-opener\"><\/span>\n\t\t\t\t\t<\/div>\n\n\t\t\t\t\t<div class=\"wd-accordion-content wd-entry-content\" data-accordion-index=\"1\">\n\t\t\t\t\t\t\t\t\t\t\t\t\t\n\t\t\t\t\t\t\t<p class=\"cgHgbA nxe3IQ Xp24Nw\"><span class=\"OYPEnA\">Tiempo de Delivery:<\/span><\/p><ul class=\"yL4mFA\"><li class=\"Xp24Nw _bsDhw cgHgbA nxe3IQ _4c44Ng\"><span class=\"OYPEnA\">Lima: Entre 2 -7 d\u00edas. Si el pedido es realizado hasta las 12 pm, se despacha al d\u00eda siguiente. Si el pedido es realizado despu\u00e9s de las 12 pm, cuenta como procesado al d\u00eda<\/span><span class=\"OYPEnA\"><br \/><\/span><span class=\"OYPEnA\">siguiente y se despacha a partir del d\u00eda consecutivo dentro de las 24 horas.<\/span><\/li><li class=\"Xp24Nw _bsDhw cgHgbA nxe3IQ _4c44Ng\"><span class=\"OYPEnA\">Lima Perif\u00e9rica: 3-10 d\u00edas h\u00e1biles<\/span><\/li><\/ul><p class=\"cgHgbA nxe3IQ Xp24Nw\"><span class=\"OYPEnA\">Lima Perif\u00e9rica: Ventanilla, Mi Per\u00fa, Anc\u00f3n, Carabayllo, Chaclacayo, Cieneguilla, Lurigancho, Lur\u00edn, Pachacamac, Pucusana, Puente Piedra,Punta Hermosa,Punta Negra, San<\/span><span class=\"OYPEnA\"><br \/><\/span><span class=\"OYPEnA\">Bartolo, Santa Maria Del Mar, Santa Rosa)<\/span><\/p><ul class=\"yL4mFA\"><li class=\"Xp24Nw _bsDhw cgHgbA nxe3IQ _4c44Ng\"><span class=\"OYPEnA\">Provincias: 5-12 d\u00edas h\u00e1biles<\/span><\/li><\/ul>\n\t\t\t\t\t\t\t\t\t\t\t\t\t\t\t\t\t\t<\/div>\n\t\t\t\t<\/div>\n\t\t\t\t\t\t\t\n\t\t\t\t<div class=\"wd-accordion-item\">\n\t\t\t\t\t<div class=\"wd-accordion-title\" data-accordion-index=\"2\">\n\t\t\t\t\t\t<div class=\"wd-accordion-title-text\">\n\t\t\t\t\t\t\t\t\t\t\t\t\t\t<span>\n\t\t\t\t\t\t\t\t3. \u00bfAceptan cambios o devoluciones?\t\t\t\t\t\t\t<\/span>\n\t\t\t\t\t\t<\/div>\n\t\t\t\t\t\t<span class=\"wd-accordion-opener\"><\/span>\n\t\t\t\t\t<\/div>\n\n\t\t\t\t\t<div class=\"wd-accordion-content wd-entry-content\" data-accordion-index=\"2\">\n\t\t\t\t\t\t\t\t\t\t\t\t\t\n\t\t\t\t\t\t\t<p><span class=\"OYPEnA\">Para todas las compras hechas por nuestra web, el cliente cuenta con 5 d\u00edas \u00fatiles a partir de la recepci\u00f3n de su pedido para proceder con alg\u00fan cambio y o devoluci\u00f3n de de productos. Revisa<\/span><span class=\"OYPEnA\"><br \/><\/span><span class=\"OYPEnA\">nuestra\u00a0<\/span><span class=\"OYPEnA\">Politica de cambios y devoluciones<\/span><span class=\"OYPEnA\">\u00a0para m\u00e1s informaci\u00f3n sobre cambios y devoluciones.<\/span><\/p>\n\t\t\t\t\t\t\t\t\t\t\t\t\t\t\t\t\t\t<\/div>\n\t\t\t\t<\/div>\n\t\t\t\t\t\t\t\n\t\t\t\t<div class=\"wd-accordion-item\">\n\t\t\t\t\t<div class=\"wd-accordion-title\" data-accordion-index=\"3\">\n\t\t\t\t\t\t<div class=\"wd-accordion-title-text\">\n\t\t\t\t\t\t\t\t\t\t\t\t\t\t<span>\n\t\t\t\t\t\t\t\t4. \u00bfQu\u00e9 medios de pago puedo usar para pagar?\t\t\t\t\t\t\t<\/span>\n\t\t\t\t\t\t<\/div>\n\t\t\t\t\t\t<span class=\"wd-accordion-opener\"><\/span>\n\t\t\t\t\t<\/div>\n\n\t\t\t\t\t<div class=\"wd-accordion-content wd-entry-content\" data-accordion-index=\"3\">\n\t\t\t\t\t\t\t\t\t\t\t\t\t\n\t\t\t\t\t\t\t<p class=\"cgHgbA nxe3IQ Xp24Nw\"><span class=\"OYPEnA\">Al comprar en nuestra web puedes pagar con:<\/span><\/p><p class=\"cgHgbA nxe3IQ Xp24Nw\"><span class=\"OYPEnA\">-Tarjeta de d\u00e9bito ( Mastercard y Vsa)<\/span><\/p><p class=\"cgHgbA nxe3IQ Xp24Nw\"><span class=\"OYPEnA\">-Tarjeta de cr\u00e9dito<\/span> <span class=\"OYPEnA\">( MAstercad y Visa)<\/span><\/p><p class=\"cgHgbA nxe3IQ Xp24Nw\"><span class=\"OYPEnA\">-Yape<\/span><\/p>\n\t\t\t\t\t\t\t\t\t\t\t\t\t\t\t\t\t\t<\/div>\n\t\t\t\t<\/div>\n\t\t\t\t\t\t\t\n\t\t\t\t<div class=\"wd-accordion-item\">\n\t\t\t\t\t<div class=\"wd-accordion-title\" data-accordion-index=\"4\">\n\t\t\t\t\t\t<div class=\"wd-accordion-title-text\">\n\t\t\t\t\t\t\t\t\t\t\t\t\t\t<span>\n\t\t\t\t\t\t\t\t5. \u00bfComo funciona el  personal shopper online GRATUITO?\t\t\t\t\t\t\t<\/span>\n\t\t\t\t\t\t<\/div>\n\t\t\t\t\t\t<span class=\"wd-accordion-opener\"><\/span>\n\t\t\t\t\t<\/div>\n\n\t\t\t\t\t<div class=\"wd-accordion-content wd-entry-content\" data-accordion-index=\"4\">\n\t\t\t\t\t\t\t\t\t\t\t\t\t\n\t\t\t\t\t\t\t<p><span class=\"OYPEnA\">Para asesorarte en tus compras por nuestra web, una personal shopper profesional atiende v\u00eda web chat en el <strong>horario de 9 am a 6pm de Lunes a S\u00e1bado<\/strong>. Solo debes escribir en el chat \"Quiero ayuda para comprar\u201d y nuestra personal shopper te har\u00e1 preguntas sobre tu evento u ocasi\u00f3n especial, prendas\u00a0 y accesorios que est\u00e1s buscando; as\u00ed como tus tallas y otros detalles sobre<\/span> <span class=\"OYPEnA\">tu estilo y preferencias en moda.<\/span><\/p><p>Gracias a esos datos, nuestra personal shopper te proporcionar\u00e1 opciones personalizadas de ropa \/accesorios que puedan hacerte lucir bien vestida para dicha ocasi\u00f3n.<\/p><p>Si est\u00e1s interesada en\u00a0 comprar las prendas recomendadas, las agregas a tu carrito de compras, agregas tus datos de env\u00edo y pago para culminar tu compra.<\/p><p>Tu pedido pasar\u00e1 a nuestra \u00e1rea de despachos<\/p>\n\t\t\t\t\t\t\t\t\t\t\t\t\t\t\t\t\t\t<\/div>\n\t\t\t\t<\/div>\n\t\t\t\t\t\t\t\n\t\t\t\t<div class=\"wd-accordion-item\">\n\t\t\t\t\t<div class=\"wd-accordion-title\" data-accordion-index=\"5\">\n\t\t\t\t\t\t<div class=\"wd-accordion-title-text\">\n\t\t\t\t\t\t\t\t\t\t\t\t\t\t<span>\n\t\t\t\t\t\t\t\t6. \u00bfComo funciona la GIFT CARD?\t\t\t\t\t\t\t<\/span>\n\t\t\t\t\t\t<\/div>\n\t\t\t\t\t\t<span class=\"wd-accordion-opener\"><\/span>\n\t\t\t\t\t<\/div>\n\n\t\t\t\t\t<div class=\"wd-accordion-content wd-entry-content\" data-accordion-index=\"5\">\n\t\t\t\t\t\t\t\t\t\t\t\t\t\n\t\t\t\t\t\t\t<p><span class=\"OYPEnA\">Puedes comprar gifts cards de S\/. 100,S\/. 200,S\/300,S\/,400 y S\/. 500 ( nuevos soles). Las<\/span> <span class=\"OYPEnA\">Gifts cards se pueden usar una vez. Solo tienes que escoger el monto. el mail de la persona a la que le regalas la gift card y un mesnaje personaldo. A esa persona le llegar\u00e1 un correo con las instrucciones para su uso.<\/span><\/p>\n\t\t\t\t\t\t\t\t\t\t\t\t\t\t\t\t\t\t<\/div>\n\t\t\t\t<\/div>\n\t\t\t\t\t<\/div>\n\t\t\t\t\t\t<\/div>\n\t\t\t\t<\/div>\n\t\t\t\t<\/div>\n\t\t\t\t\t<\/div>\n\t\t\t\t<\/div>\n\t\t\t\t<\/div>","protected":false},"excerpt":{"rendered":"<p>FAQ 1. \u00bfHay un monto m\u00ednimo de compra? No hay monto m\u00ednimo de compra. Pero si deseas que el costo<\/p>","protected":false},"author":1,"featured_media":0,"parent":0,"menu_order":0,"comment_status":"closed","ping_status":"closed","template":"","meta":{"_acf_changed":false,"footnotes":""},"class_list":["post-29951","page","type-page","status-publish","hentry"],"acf":[],"yoast_head":"<!-- This site is optimized with the Yoast SEO plugin v26.8 - https:\/\/yoast.com\/product\/yoast-seo-wordpress\/ -->\n<title>FAQ - Outfie<\/title>\n<meta name=\"description\" content=\"Outfie - FAQ %\" \/>\n<meta name=\"robots\" content=\"index, follow, max-snippet:-1, max-image-preview:large, max-video-preview:-1\" \/>\n<link rel=\"canonical\" href=\"https:\/\/myoutfie.com\/es\/faq\/\" \/>\n<meta property=\"og:locale\" content=\"es_MX\" \/>\n<meta property=\"og:type\" content=\"article\" \/>\n<meta property=\"og:title\" content=\"FAQ - Outfie\" \/>\n<meta property=\"og:description\" content=\"Outfie - FAQ %\" \/>\n<meta property=\"og:url\" content=\"https:\/\/myoutfie.com\/es\/faq\/\" \/>\n<meta property=\"og:site_name\" content=\"Outfie\" \/>\n<meta property=\"article:publisher\" content=\"https:\/\/www.facebook.com\/outfieoficial\" \/>\n<meta property=\"article:modified_time\" content=\"2024-12-08T00:01:20+00:00\" \/>\n<meta name=\"twitter:card\" content=\"summary_large_image\" \/>\n<meta name=\"twitter:label1\" content=\"Tiempo de lectura\" \/>\n\t<meta name=\"twitter:data1\" content=\"2 minutos\" \/>\n<script type=\"application\/ld+json\" class=\"yoast-schema-graph\">{\"@context\":\"https:\/\/schema.org\",\"@graph\":[{\"@type\":\"WebPage\",\"@id\":\"https:\/\/myoutfie.com\/faq\/\",\"url\":\"https:\/\/myoutfie.com\/faq\/\",\"name\":\"FAQ - Outfie\",\"isPartOf\":{\"@id\":\"https:\/\/myoutfie.com\/#website\"},\"datePublished\":\"2024-11-22T11:41:31+00:00\",\"dateModified\":\"2024-12-08T00:01:20+00:00\",\"description\":\"Outfie - FAQ %\",\"breadcrumb\":{\"@id\":\"https:\/\/myoutfie.com\/faq\/#breadcrumb\"},\"inLanguage\":\"es\",\"potentialAction\":[{\"@type\":\"ReadAction\",\"target\":[\"https:\/\/myoutfie.com\/faq\/\"]}]},{\"@type\":\"BreadcrumbList\",\"@id\":\"https:\/\/myoutfie.com\/faq\/#breadcrumb\",\"itemListElement\":[{\"@type\":\"ListItem\",\"position\":1,\"name\":\"Home\",\"item\":\"https:\/\/myoutfie.com\/\"},{\"@type\":\"ListItem\",\"position\":2,\"name\":\"FAQ\"}]},{\"@type\":\"WebSite\",\"@id\":\"https:\/\/myoutfie.com\/#website\",\"url\":\"https:\/\/myoutfie.com\/\",\"name\":\"Outfie\",\"description\":\"Asesoria de imagen, cursos de moda personal y nuestra tienda online de ropa y accesorios para optimizar tu closet\",\"publisher\":{\"@id\":\"https:\/\/myoutfie.com\/#organization\"},\"potentialAction\":[{\"@type\":\"SearchAction\",\"target\":{\"@type\":\"EntryPoint\",\"urlTemplate\":\"https:\/\/myoutfie.com\/?s={search_term_string}\"},\"query-input\":{\"@type\":\"PropertyValueSpecification\",\"valueRequired\":true,\"valueName\":\"search_term_string\"}}],\"inLanguage\":\"es\"},{\"@type\":\"Organization\",\"@id\":\"https:\/\/myoutfie.com\/#organization\",\"name\":\"Outfie\",\"url\":\"https:\/\/myoutfie.com\/\",\"logo\":{\"@type\":\"ImageObject\",\"inLanguage\":\"es\",\"@id\":\"https:\/\/myoutfie.com\/#\/schema\/logo\/image\/\",\"url\":\"https:\/\/myoutfie.com\/wp-content\/uploads\/2024\/11\/logo-nuevo-negro-100-px.png\",\"contentUrl\":\"https:\/\/myoutfie.com\/wp-content\/uploads\/2024\/11\/logo-nuevo-negro-100-px.png\",\"width\":100,\"height\":22,\"caption\":\"Outfie\"},\"image\":{\"@id\":\"https:\/\/myoutfie.com\/#\/schema\/logo\/image\/\"},\"sameAs\":[\"https:\/\/www.facebook.com\/outfieoficial\",\"https:\/\/www.pinterest.com\/outfie\"]}]}<\/script>\n<!-- \/ Yoast SEO plugin. -->","yoast_head_json":{"title":"FAQ - Outfie","description":"Outfie - FAQ %","robots":{"index":"index","follow":"follow","max-snippet":"max-snippet:-1","max-image-preview":"max-image-preview:large","max-video-preview":"max-video-preview:-1"},"canonical":"https:\/\/myoutfie.com\/es\/faq\/","og_locale":"es_MX","og_type":"article","og_title":"FAQ - Outfie","og_description":"Outfie - FAQ %","og_url":"https:\/\/myoutfie.com\/es\/faq\/","og_site_name":"Outfie","article_publisher":"https:\/\/www.facebook.com\/outfieoficial","article_modified_time":"2024-12-08T00:01:20+00:00","twitter_card":"summary_large_image","twitter_misc":{"Tiempo de lectura":"2 minutos"},"schema":{"@context":"https:\/\/schema.org","@graph":[{"@type":"WebPage","@id":"https:\/\/myoutfie.com\/faq\/","url":"https:\/\/myoutfie.com\/faq\/","name":"FAQ - Outfie","isPartOf":{"@id":"https:\/\/myoutfie.com\/#website"},"datePublished":"2024-11-22T11:41:31+00:00","dateModified":"2024-12-08T00:01:20+00:00","description":"Outfie - FAQ %","breadcrumb":{"@id":"https:\/\/myoutfie.com\/faq\/#breadcrumb"},"inLanguage":"es","potentialAction":[{"@type":"ReadAction","target":["https:\/\/myoutfie.com\/faq\/"]}]},{"@type":"BreadcrumbList","@id":"https:\/\/myoutfie.com\/faq\/#breadcrumb","itemListElement":[{"@type":"ListItem","position":1,"name":"Home","item":"https:\/\/myoutfie.com\/"},{"@type":"ListItem","position":2,"name":"FAQ"}]},{"@type":"WebSite","@id":"https:\/\/myoutfie.com\/#website","url":"https:\/\/myoutfie.com\/","name":"Outfie","description":"Asesoria de imagen, cursos de moda personal y nuestra tienda online de ropa y accesorios para optimizar tu closet","publisher":{"@id":"https:\/\/myoutfie.com\/#organization"},"potentialAction":[{"@type":"SearchAction","target":{"@type":"EntryPoint","urlTemplate":"https:\/\/myoutfie.com\/?s={search_term_string}"},"query-input":{"@type":"PropertyValueSpecification","valueRequired":true,"valueName":"search_term_string"}}],"inLanguage":"es"},{"@type":"Organization","@id":"https:\/\/myoutfie.com\/#organization","name":"Outfie","url":"https:\/\/myoutfie.com\/","logo":{"@type":"ImageObject","inLanguage":"es","@id":"https:\/\/myoutfie.com\/#\/schema\/logo\/image\/","url":"https:\/\/myoutfie.com\/wp-content\/uploads\/2024\/11\/logo-nuevo-negro-100-px.png","contentUrl":"https:\/\/myoutfie.com\/wp-content\/uploads\/2024\/11\/logo-nuevo-negro-100-px.png","width":100,"height":22,"caption":"Outfie"},"image":{"@id":"https:\/\/myoutfie.com\/#\/schema\/logo\/image\/"},"sameAs":["https:\/\/www.facebook.com\/outfieoficial","https:\/\/www.pinterest.com\/outfie"]}]}},"_links":{"self":[{"href":"https:\/\/myoutfie.com\/es\/wp-json\/wp\/v2\/pages\/29951","targetHints":{"allow":["GET"]}}],"collection":[{"href":"https:\/\/myoutfie.com\/es\/wp-json\/wp\/v2\/pages"}],"about":[{"href":"https:\/\/myoutfie.com\/es\/wp-json\/wp\/v2\/types\/page"}],"author":[{"embeddable":true,"href":"https:\/\/myoutfie.com\/es\/wp-json\/wp\/v2\/users\/1"}],"replies":[{"embeddable":true,"href":"https:\/\/myoutfie.com\/es\/wp-json\/wp\/v2\/comments?post=29951"}],"version-history":[{"count":24,"href":"https:\/\/myoutfie.com\/es\/wp-json\/wp\/v2\/pages\/29951\/revisions"}],"predecessor-version":[{"id":31583,"href":"https:\/\/myoutfie.com\/es\/wp-json\/wp\/v2\/pages\/29951\/revisions\/31583"}],"wp:attachment":[{"href":"https:\/\/myoutfie.com\/es\/wp-json\/wp\/v2\/media?parent=29951"}],"curies":[{"name":"wp","href":"https:\/\/api.w.org\/{rel}","templated":true}]}}