{"id":30415,"date":"2024-11-24T20:53:13","date_gmt":"2024-11-24T20:53:13","guid":{"rendered":"https:\/\/pruebas.renzobernuy.com\/?page_id=30415"},"modified":"2025-07-10T05:27:26","modified_gmt":"2025-07-10T10:27:26","slug":"concursos","status":"publish","type":"page","link":"https:\/\/myoutfie.com\/es\/concursos\/","title":{"rendered":"Concursos"},"content":{"rendered":"<div data-elementor-type=\"wp-page\" data-elementor-id=\"30415\" class=\"elementor elementor-30415\" data-elementor-post-type=\"page\">\n\t\t\t\t<div class=\"elementor-element elementor-element-77febaa e-flex e-con-boxed e-con e-parent\" data-id=\"77febaa\" data-element_type=\"container\">\n\t\t\t\t\t<div class=\"e-con-inner\">\n\t\t<div class=\"elementor-element elementor-element-d629a4f e-con-full e-flex e-con e-child\" data-id=\"d629a4f\" data-element_type=\"container\" data-settings=\"{&quot;background_background&quot;:&quot;classic&quot;}\">\n\t\t\t\t<div class=\"elementor-element elementor-element-d15980e elementor-widget elementor-widget-image\" data-id=\"d15980e\" data-element_type=\"widget\" data-widget_type=\"image.default\">\n\t\t\t\t<div class=\"elementor-widget-container\">\n\t\t\t\t\t\t\t\t\t\t\t\t\t\t\t<img fetchpriority=\"high\" decoding=\"async\" width=\"500\" height=\"500\" src=\"https:\/\/myoutfie.com\/wp-content\/uploads\/2025\/01\/13.png\" class=\"attachment-large size-large wp-image-34455\" alt=\"Concurso de Colorimetr\u00eda\" srcset=\"https:\/\/myoutfie.com\/wp-content\/uploads\/2025\/01\/13.png 500w, https:\/\/myoutfie.com\/wp-content\/uploads\/2025\/01\/13-430x430.png 430w, https:\/\/myoutfie.com\/wp-content\/uploads\/2025\/01\/13-150x150.png 150w, https:\/\/myoutfie.com\/wp-content\/uploads\/2025\/01\/13-450x450.png 450w, https:\/\/myoutfie.com\/wp-content\/uploads\/2025\/01\/13-300x300.png 300w, https:\/\/myoutfie.com\/wp-content\/uploads\/2025\/01\/13-12x12.png 12w\" sizes=\"(max-width: 500px) 100vw, 500px\" \/>\t\t\t\t\t\t\t\t\t\t\t\t\t\t\t<\/div>\n\t\t\t\t<\/div>\n\t\t\t\t<div class=\"elementor-element elementor-element-6473d6c elementor-widget elementor-widget-heading\" data-id=\"6473d6c\" data-element_type=\"widget\" data-widget_type=\"heading.default\">\n\t\t\t\t<div class=\"elementor-widget-container\">\n\t\t\t\t\t<h2 class=\"elementor-heading-title elementor-size-default\">Gana un diagn\u00f3stico de Colorimetr\u00eda PREMIUM<\/h2>\t\t\t\t<\/div>\n\t\t\t\t<\/div>\n\t\t\t\t<div class=\"elementor-element elementor-element-b5ffe1d color-scheme-inherit text-left elementor-widget elementor-widget-text-editor\" data-id=\"b5ffe1d\" data-element_type=\"widget\" data-widget_type=\"text-editor.default\">\n\t\t\t\t<div class=\"elementor-widget-container\">\n\t\t\t\t\t\t\t\t\t<p>Concursa por un servicio de Colorimetr\u00eda Premium modalidad Online. V\u00e1lido para todo el Per\u00fa y LATAM. (NO VIGENTE)<\/p>\t\t\t\t\t\t\t\t<\/div>\n\t\t\t\t<\/div>\n\t\t\t\t<div class=\"elementor-element elementor-element-a562063 color-scheme-inherit text-left elementor-widget elementor-widget-text-editor\" data-id=\"a562063\" data-element_type=\"widget\" data-widget_type=\"text-editor.default\">\n\t\t\t\t<div class=\"elementor-widget-container\">\n\t\t\t\t\t\t\t\t\t<p><span style=\"text-decoration: underline;\">Concursar<\/span><\/p>\t\t\t\t\t\t\t\t<\/div>\n\t\t\t\t<\/div>\n\t\t\t\t<\/div>\n\t\t<div class=\"elementor-element elementor-element-ac51644 e-con-full e-flex e-con e-child\" data-id=\"ac51644\" data-element_type=\"container\" data-settings=\"{&quot;background_background&quot;:&quot;classic&quot;}\">\n\t\t\t\t<div class=\"elementor-element elementor-element-d9731a5 elementor-widget elementor-widget-image\" data-id=\"d9731a5\" data-element_type=\"widget\" data-widget_type=\"image.default\">\n\t\t\t\t<div class=\"elementor-widget-container\">\n\t\t\t\t\t\t\t\t\t\t\t\t\t\t\t<img decoding=\"async\" width=\"500\" height=\"500\" src=\"https:\/\/myoutfie.com\/wp-content\/uploads\/2025\/01\/12.png\" class=\"attachment-large size-large wp-image-34456\" alt=\"\" srcset=\"https:\/\/myoutfie.com\/wp-content\/uploads\/2025\/01\/12.png 500w, https:\/\/myoutfie.com\/wp-content\/uploads\/2025\/01\/12-430x430.png 430w, https:\/\/myoutfie.com\/wp-content\/uploads\/2025\/01\/12-150x150.png 150w, https:\/\/myoutfie.com\/wp-content\/uploads\/2025\/01\/12-450x450.png 450w, https:\/\/myoutfie.com\/wp-content\/uploads\/2025\/01\/12-300x300.png 300w, https:\/\/myoutfie.com\/wp-content\/uploads\/2025\/01\/12-12x12.png 12w\" sizes=\"(max-width: 500px) 100vw, 500px\" \/>\t\t\t\t\t\t\t\t\t\t\t\t\t\t\t<\/div>\n\t\t\t\t<\/div>\n\t\t\t\t<div class=\"elementor-element elementor-element-2ebb32b elementor-widget elementor-widget-heading\" data-id=\"2ebb32b\" data-element_type=\"widget\" data-widget_type=\"heading.default\">\n\t\t\t\t<div class=\"elementor-widget-container\">\n\t\t\t\t\t<h2 class=\"elementor-heading-title elementor-size-default\">Gana un SMART SHOPPER S.O.S<\/h2>\t\t\t\t<\/div>\n\t\t\t\t<\/div>\n\t\t\t\t<div class=\"elementor-element elementor-element-51ccf94 color-scheme-inherit text-left elementor-widget elementor-widget-text-editor\" data-id=\"51ccf94\" data-element_type=\"widget\" data-widget_type=\"text-editor.default\">\n\t\t\t\t<div class=\"elementor-widget-container\">\n\t\t\t\t\t\t\t\t\t<p>Concursa por una sesi\u00f3n de SMART SHOPPING SOS. Compra ese outfit para ese evento u ocasion especial con la asesor\u00eda de una experta. V\u00e1lido para compras fisicas y online. (NO VIGENTE)<\/p>\t\t\t\t\t\t\t\t<\/div>\n\t\t\t\t<\/div>\n\t\t\t\t<div class=\"elementor-element elementor-element-8b51f0e color-scheme-inherit text-left elementor-widget elementor-widget-text-editor\" data-id=\"8b51f0e\" data-element_type=\"widget\" data-widget_type=\"text-editor.default\">\n\t\t\t\t<div class=\"elementor-widget-container\">\n\t\t\t\t\t\t\t\t\t<p><span style=\"text-decoration: underline;\">Concursar<\/span><\/p>\t\t\t\t\t\t\t\t<\/div>\n\t\t\t\t<\/div>\n\t\t\t\t<\/div>\n\t\t<div class=\"elementor-element elementor-element-49ef5f2 e-con-full e-flex e-con e-child\" data-id=\"49ef5f2\" data-element_type=\"container\" data-settings=\"{&quot;background_background&quot;:&quot;classic&quot;}\">\n\t\t\t\t<div class=\"elementor-element elementor-element-32e50e2 elementor-widget elementor-widget-image\" data-id=\"32e50e2\" data-element_type=\"widget\" data-widget_type=\"image.default\">\n\t\t\t\t<div class=\"elementor-widget-container\">\n\t\t\t\t\t\t\t\t\t\t\t\t\t\t\t<img decoding=\"async\" width=\"500\" height=\"500\" src=\"https:\/\/myoutfie.com\/wp-content\/uploads\/2025\/01\/Untitled-design.png\" class=\"attachment-large size-large wp-image-34458\" alt=\"Concurso Visagimo 360\u00b0\" srcset=\"https:\/\/myoutfie.com\/wp-content\/uploads\/2025\/01\/Untitled-design.png 500w, https:\/\/myoutfie.com\/wp-content\/uploads\/2025\/01\/Untitled-design-430x430.png 430w, https:\/\/myoutfie.com\/wp-content\/uploads\/2025\/01\/Untitled-design-150x150.png 150w, https:\/\/myoutfie.com\/wp-content\/uploads\/2025\/01\/Untitled-design-450x450.png 450w, https:\/\/myoutfie.com\/wp-content\/uploads\/2025\/01\/Untitled-design-300x300.png 300w, https:\/\/myoutfie.com\/wp-content\/uploads\/2025\/01\/Untitled-design-12x12.png 12w\" sizes=\"(max-width: 500px) 100vw, 500px\" \/>\t\t\t\t\t\t\t\t\t\t\t\t\t\t\t<\/div>\n\t\t\t\t<\/div>\n\t\t\t\t<div class=\"elementor-element elementor-element-d55e7d5 elementor-widget elementor-widget-heading\" data-id=\"d55e7d5\" data-element_type=\"widget\" data-widget_type=\"heading.default\">\n\t\t\t\t<div class=\"elementor-widget-container\">\n\t\t\t\t\t<h2 class=\"elementor-heading-title elementor-size-default\">Gana una asesor\u00eda Asesor\u00eda de Visagismo 360\u00b0<\/h2>\t\t\t\t<\/div>\n\t\t\t\t<\/div>\n\t\t\t\t<div class=\"elementor-element elementor-element-d68f5c6 color-scheme-inherit text-left elementor-widget elementor-widget-text-editor\" data-id=\"d68f5c6\" data-element_type=\"widget\" data-widget_type=\"text-editor.default\">\n\t\t\t\t<div class=\"elementor-widget-container\">\n\t\t\t\t\t\t\t\t\t<p>Concurso por una Asesor\u00eda de Visagimos 360\u00b0 : Maquillaje, Corte, Color y Accesorios para el rostro. Modalidad Online.\u00a0 (NO VIGENTE)<\/p>\t\t\t\t\t\t\t\t<\/div>\n\t\t\t\t<\/div>\n\t\t\t\t<div class=\"elementor-element elementor-element-0a95473 color-scheme-inherit text-left elementor-widget elementor-widget-text-editor\" data-id=\"0a95473\" data-element_type=\"widget\" data-widget_type=\"text-editor.default\">\n\t\t\t\t<div class=\"elementor-widget-container\">\n\t\t\t\t\t\t\t\t\t<p><span style=\"text-decoration: underline;\">Concursar<\/span><\/p>\t\t\t\t\t\t\t\t<\/div>\n\t\t\t\t<\/div>\n\t\t\t\t<\/div>\n\t\t\t\t\t<\/div>\n\t\t\t\t<\/div>\n\t\t<div class=\"elementor-element elementor-element-74e26c5 e-flex e-con-boxed e-con e-parent\" data-id=\"74e26c5\" data-element_type=\"container\">\n\t\t\t\t\t<div class=\"e-con-inner\">\n\t\t<div class=\"elementor-element elementor-element-5955b74 e-con-full e-flex e-con e-child\" data-id=\"5955b74\" data-element_type=\"container\" data-settings=\"{&quot;background_background&quot;:&quot;classic&quot;}\">\n\t\t\t\t<div class=\"elementor-element elementor-element-bd8e232 elementor-widget elementor-widget-image\" data-id=\"bd8e232\" data-element_type=\"widget\" data-widget_type=\"image.default\">\n\t\t\t\t<div class=\"elementor-widget-container\">\n\t\t\t\t\t\t\t\t\t\t\t\t\t\t\t<img fetchpriority=\"high\" decoding=\"async\" width=\"500\" height=\"500\" src=\"https:\/\/myoutfie.com\/wp-content\/uploads\/2025\/01\/13.png\" class=\"attachment-large size-large wp-image-34455\" alt=\"Concurso de Colorimetr\u00eda\" srcset=\"https:\/\/myoutfie.com\/wp-content\/uploads\/2025\/01\/13.png 500w, https:\/\/myoutfie.com\/wp-content\/uploads\/2025\/01\/13-430x430.png 430w, https:\/\/myoutfie.com\/wp-content\/uploads\/2025\/01\/13-150x150.png 150w, https:\/\/myoutfie.com\/wp-content\/uploads\/2025\/01\/13-450x450.png 450w, https:\/\/myoutfie.com\/wp-content\/uploads\/2025\/01\/13-300x300.png 300w, https:\/\/myoutfie.com\/wp-content\/uploads\/2025\/01\/13-12x12.png 12w\" sizes=\"(max-width: 500px) 100vw, 500px\" \/>\t\t\t\t\t\t\t\t\t\t\t\t\t\t\t<\/div>\n\t\t\t\t<\/div>\n\t\t\t\t<div class=\"elementor-element elementor-element-c3e9204 elementor-widget elementor-widget-heading\" data-id=\"c3e9204\" data-element_type=\"widget\" data-widget_type=\"heading.default\">\n\t\t\t\t<div class=\"elementor-widget-container\">\n\t\t\t\t\t<h2 class=\"elementor-heading-title elementor-size-default\">Gana un diagn\u00f3stico de Colorimetr\u00eda PREMIUM<\/h2>\t\t\t\t<\/div>\n\t\t\t\t<\/div>\n\t\t\t\t<div class=\"elementor-element elementor-element-aaf5aba color-scheme-inherit text-left elementor-widget elementor-widget-text-editor\" data-id=\"aaf5aba\" data-element_type=\"widget\" data-widget_type=\"text-editor.default\">\n\t\t\t\t<div class=\"elementor-widget-container\">\n\t\t\t\t\t\t\t\t\t<p>Concursa por un servicio de Colorimetr\u00eda Premium modalidad Online. V\u00e1lido para todo el Per\u00fa y LATAM. (NO VIGENTE)<\/p>\t\t\t\t\t\t\t\t<\/div>\n\t\t\t\t<\/div>\n\t\t\t\t<div class=\"elementor-element elementor-element-d7a34b7 color-scheme-inherit text-left elementor-widget elementor-widget-text-editor\" data-id=\"d7a34b7\" data-element_type=\"widget\" data-widget_type=\"text-editor.default\">\n\t\t\t\t<div class=\"elementor-widget-container\">\n\t\t\t\t\t\t\t\t\t<p><span style=\"text-decoration: underline;\">Concursar<\/span><\/p>\t\t\t\t\t\t\t\t<\/div>\n\t\t\t\t<\/div>\n\t\t\t\t<\/div>\n\t\t<div class=\"elementor-element elementor-element-490cc66 e-con-full e-flex e-con e-child\" data-id=\"490cc66\" data-element_type=\"container\" data-settings=\"{&quot;background_background&quot;:&quot;classic&quot;}\">\n\t\t\t\t<div class=\"elementor-element elementor-element-d372229 elementor-widget elementor-widget-image\" data-id=\"d372229\" data-element_type=\"widget\" data-widget_type=\"image.default\">\n\t\t\t\t<div class=\"elementor-widget-container\">\n\t\t\t\t\t\t\t\t\t\t\t\t\t\t\t<img decoding=\"async\" width=\"500\" height=\"500\" src=\"https:\/\/myoutfie.com\/wp-content\/uploads\/2025\/01\/12.png\" class=\"attachment-large size-large wp-image-34456\" alt=\"\" srcset=\"https:\/\/myoutfie.com\/wp-content\/uploads\/2025\/01\/12.png 500w, https:\/\/myoutfie.com\/wp-content\/uploads\/2025\/01\/12-430x430.png 430w, https:\/\/myoutfie.com\/wp-content\/uploads\/2025\/01\/12-150x150.png 150w, https:\/\/myoutfie.com\/wp-content\/uploads\/2025\/01\/12-450x450.png 450w, https:\/\/myoutfie.com\/wp-content\/uploads\/2025\/01\/12-300x300.png 300w, https:\/\/myoutfie.com\/wp-content\/uploads\/2025\/01\/12-12x12.png 12w\" sizes=\"(max-width: 500px) 100vw, 500px\" \/>\t\t\t\t\t\t\t\t\t\t\t\t\t\t\t<\/div>\n\t\t\t\t<\/div>\n\t\t\t\t<div class=\"elementor-element elementor-element-2babeb6 elementor-widget elementor-widget-heading\" data-id=\"2babeb6\" data-element_type=\"widget\" data-widget_type=\"heading.default\">\n\t\t\t\t<div class=\"elementor-widget-container\">\n\t\t\t\t\t<h2 class=\"elementor-heading-title elementor-size-default\">Gana un SMART SHOPPER S.O.S<\/h2>\t\t\t\t<\/div>\n\t\t\t\t<\/div>\n\t\t\t\t<div class=\"elementor-element elementor-element-6da20d2 color-scheme-inherit text-left elementor-widget elementor-widget-text-editor\" data-id=\"6da20d2\" data-element_type=\"widget\" data-widget_type=\"text-editor.default\">\n\t\t\t\t<div class=\"elementor-widget-container\">\n\t\t\t\t\t\t\t\t\t<p>Concursa por una sesi\u00f3n de SMART SHOPPING SOS. Compra ese outfit para ese evento u ocasion especial con la asesor\u00eda de una experta. V\u00e1lido para compras fisicas y online. (NO VIGENTE)<\/p>\t\t\t\t\t\t\t\t<\/div>\n\t\t\t\t<\/div>\n\t\t\t\t<div class=\"elementor-element elementor-element-f2cb6b6 color-scheme-inherit text-left elementor-widget elementor-widget-text-editor\" data-id=\"f2cb6b6\" data-element_type=\"widget\" data-widget_type=\"text-editor.default\">\n\t\t\t\t<div class=\"elementor-widget-container\">\n\t\t\t\t\t\t\t\t\t<p><span style=\"text-decoration: underline;\">Concursar<\/span><\/p>\t\t\t\t\t\t\t\t<\/div>\n\t\t\t\t<\/div>\n\t\t\t\t<\/div>\n\t\t<div class=\"elementor-element elementor-element-e31b60f e-con-full e-flex e-con e-child\" data-id=\"e31b60f\" data-element_type=\"container\" data-settings=\"{&quot;background_background&quot;:&quot;classic&quot;}\">\n\t\t\t\t<div class=\"elementor-element elementor-element-0c2ad83 elementor-widget elementor-widget-image\" data-id=\"0c2ad83\" data-element_type=\"widget\" data-widget_type=\"image.default\">\n\t\t\t\t<div class=\"elementor-widget-container\">\n\t\t\t\t\t\t\t\t\t\t\t\t\t\t\t<img decoding=\"async\" width=\"500\" height=\"500\" src=\"https:\/\/myoutfie.com\/wp-content\/uploads\/2025\/01\/Untitled-design.png\" class=\"attachment-large size-large wp-image-34458\" alt=\"Concurso Visagimo 360\u00b0\" srcset=\"https:\/\/myoutfie.com\/wp-content\/uploads\/2025\/01\/Untitled-design.png 500w, https:\/\/myoutfie.com\/wp-content\/uploads\/2025\/01\/Untitled-design-430x430.png 430w, https:\/\/myoutfie.com\/wp-content\/uploads\/2025\/01\/Untitled-design-150x150.png 150w, https:\/\/myoutfie.com\/wp-content\/uploads\/2025\/01\/Untitled-design-450x450.png 450w, https:\/\/myoutfie.com\/wp-content\/uploads\/2025\/01\/Untitled-design-300x300.png 300w, https:\/\/myoutfie.com\/wp-content\/uploads\/2025\/01\/Untitled-design-12x12.png 12w\" sizes=\"(max-width: 500px) 100vw, 500px\" \/>\t\t\t\t\t\t\t\t\t\t\t\t\t\t\t<\/div>\n\t\t\t\t<\/div>\n\t\t\t\t<div class=\"elementor-element elementor-element-fb86902 elementor-widget elementor-widget-heading\" data-id=\"fb86902\" data-element_type=\"widget\" data-widget_type=\"heading.default\">\n\t\t\t\t<div class=\"elementor-widget-container\">\n\t\t\t\t\t<h2 class=\"elementor-heading-title elementor-size-default\">Gana una asesor\u00eda Asesor\u00eda de Visagismo 360\u00b0<\/h2>\t\t\t\t<\/div>\n\t\t\t\t<\/div>\n\t\t\t\t<div class=\"elementor-element elementor-element-41819b6 color-scheme-inherit text-left elementor-widget elementor-widget-text-editor\" data-id=\"41819b6\" data-element_type=\"widget\" data-widget_type=\"text-editor.default\">\n\t\t\t\t<div class=\"elementor-widget-container\">\n\t\t\t\t\t\t\t\t\t<p>Concurso por una Asesor\u00eda de Visagimos 360\u00b0 : Maquillaje, Corte, Color y Accesorios para el rostro. Modalidad Online.\u00a0 (NO VIGENTE)<\/p>\t\t\t\t\t\t\t\t<\/div>\n\t\t\t\t<\/div>\n\t\t\t\t<div class=\"elementor-element elementor-element-0bbc876 color-scheme-inherit text-left elementor-widget elementor-widget-text-editor\" data-id=\"0bbc876\" data-element_type=\"widget\" data-widget_type=\"text-editor.default\">\n\t\t\t\t<div class=\"elementor-widget-container\">\n\t\t\t\t\t\t\t\t\t<p><span style=\"text-decoration: underline;\">Concursar<\/span><\/p>\t\t\t\t\t\t\t\t<\/div>\n\t\t\t\t<\/div>\n\t\t\t\t<\/div>\n\t\t\t\t\t<\/div>\n\t\t\t\t<\/div>\n\t\t\t\t<\/div>","protected":false},"excerpt":{"rendered":"<p>Gana un diagn\u00f3stico de Colorimetr\u00eda PREMIUM Concursa por un servicio de Colorimetr\u00eda Premium modalidad Online. V\u00e1lido para todo el Per\u00fa<\/p>","protected":false},"author":1,"featured_media":0,"parent":0,"menu_order":0,"comment_status":"closed","ping_status":"closed","template":"elementor_header_footer","meta":{"_acf_changed":false,"footnotes":""},"class_list":["post-30415","page","type-page","status-publish","hentry"],"acf":[],"yoast_head":"<!-- This site is optimized with the Yoast SEO plugin v26.8 - https:\/\/yoast.com\/product\/yoast-seo-wordpress\/ -->\n<title>Concursos - Outfie<\/title>\n<meta name=\"description\" content=\"Outfie - Concursos %\" \/>\n<meta name=\"robots\" content=\"index, follow, max-snippet:-1, max-image-preview:large, max-video-preview:-1\" \/>\n<link rel=\"canonical\" href=\"https:\/\/myoutfie.com\/es\/concursos\/\" \/>\n<meta property=\"og:locale\" content=\"es_MX\" \/>\n<meta property=\"og:type\" content=\"article\" \/>\n<meta property=\"og:title\" content=\"Concursos - Outfie\" \/>\n<meta property=\"og:description\" content=\"Outfie - Concursos %\" \/>\n<meta property=\"og:url\" content=\"https:\/\/myoutfie.com\/es\/concursos\/\" \/>\n<meta property=\"og:site_name\" content=\"Outfie\" \/>\n<meta property=\"article:publisher\" content=\"https:\/\/www.facebook.com\/outfieoficial\" \/>\n<meta property=\"article:modified_time\" content=\"2025-07-10T10:27:26+00:00\" \/>\n<meta property=\"og:image\" content=\"https:\/\/myoutfie.com\/wp-content\/uploads\/2025\/01\/13.png\" \/>\n\t<meta property=\"og:image:width\" content=\"500\" \/>\n\t<meta property=\"og:image:height\" content=\"500\" \/>\n\t<meta property=\"og:image:type\" content=\"image\/png\" \/>\n<meta name=\"twitter:card\" content=\"summary_large_image\" \/>\n<meta name=\"twitter:label1\" content=\"Tiempo de lectura\" \/>\n\t<meta name=\"twitter:data1\" content=\"3 minutos\" \/>\n<script type=\"application\/ld+json\" class=\"yoast-schema-graph\">{\"@context\":\"https:\/\/schema.org\",\"@graph\":[{\"@type\":\"WebPage\",\"@id\":\"https:\/\/myoutfie.com\/concursos\/\",\"url\":\"https:\/\/myoutfie.com\/concursos\/\",\"name\":\"Concursos - Outfie\",\"isPartOf\":{\"@id\":\"https:\/\/myoutfie.com\/#website\"},\"primaryImageOfPage\":{\"@id\":\"https:\/\/myoutfie.com\/concursos\/#primaryimage\"},\"image\":{\"@id\":\"https:\/\/myoutfie.com\/concursos\/#primaryimage\"},\"thumbnailUrl\":\"https:\/\/myoutfie.com\/wp-content\/uploads\/2025\/01\/13.png\",\"datePublished\":\"2024-11-24T20:53:13+00:00\",\"dateModified\":\"2025-07-10T10:27:26+00:00\",\"description\":\"Outfie - Concursos %\",\"breadcrumb\":{\"@id\":\"https:\/\/myoutfie.com\/concursos\/#breadcrumb\"},\"inLanguage\":\"es\",\"potentialAction\":[{\"@type\":\"ReadAction\",\"target\":[\"https:\/\/myoutfie.com\/concursos\/\"]}]},{\"@type\":\"ImageObject\",\"inLanguage\":\"es\",\"@id\":\"https:\/\/myoutfie.com\/concursos\/#primaryimage\",\"url\":\"https:\/\/myoutfie.com\/wp-content\/uploads\/2025\/01\/13.png\",\"contentUrl\":\"https:\/\/myoutfie.com\/wp-content\/uploads\/2025\/01\/13.png\"},{\"@type\":\"BreadcrumbList\",\"@id\":\"https:\/\/myoutfie.com\/concursos\/#breadcrumb\",\"itemListElement\":[{\"@type\":\"ListItem\",\"position\":1,\"name\":\"Home\",\"item\":\"https:\/\/myoutfie.com\/\"},{\"@type\":\"ListItem\",\"position\":2,\"name\":\"Concursos\"}]},{\"@type\":\"WebSite\",\"@id\":\"https:\/\/myoutfie.com\/#website\",\"url\":\"https:\/\/myoutfie.com\/\",\"name\":\"Outfie\",\"description\":\"Asesoria de imagen, cursos de moda personal y nuestra tienda online de ropa y accesorios para optimizar tu closet\",\"publisher\":{\"@id\":\"https:\/\/myoutfie.com\/#organization\"},\"potentialAction\":[{\"@type\":\"SearchAction\",\"target\":{\"@type\":\"EntryPoint\",\"urlTemplate\":\"https:\/\/myoutfie.com\/?s={search_term_string}\"},\"query-input\":{\"@type\":\"PropertyValueSpecification\",\"valueRequired\":true,\"valueName\":\"search_term_string\"}}],\"inLanguage\":\"es\"},{\"@type\":\"Organization\",\"@id\":\"https:\/\/myoutfie.com\/#organization\",\"name\":\"Outfie\",\"url\":\"https:\/\/myoutfie.com\/\",\"logo\":{\"@type\":\"ImageObject\",\"inLanguage\":\"es\",\"@id\":\"https:\/\/myoutfie.com\/#\/schema\/logo\/image\/\",\"url\":\"https:\/\/myoutfie.com\/wp-content\/uploads\/2024\/11\/logo-nuevo-negro-100-px.png\",\"contentUrl\":\"https:\/\/myoutfie.com\/wp-content\/uploads\/2024\/11\/logo-nuevo-negro-100-px.png\",\"width\":100,\"height\":22,\"caption\":\"Outfie\"},\"image\":{\"@id\":\"https:\/\/myoutfie.com\/#\/schema\/logo\/image\/\"},\"sameAs\":[\"https:\/\/www.facebook.com\/outfieoficial\",\"https:\/\/www.pinterest.com\/outfie\"]}]}<\/script>\n<!-- \/ Yoast SEO plugin. -->","yoast_head_json":{"title":"Concursos - Outfie","description":"Outfie - Concursos %","robots":{"index":"index","follow":"follow","max-snippet":"max-snippet:-1","max-image-preview":"max-image-preview:large","max-video-preview":"max-video-preview:-1"},"canonical":"https:\/\/myoutfie.com\/es\/concursos\/","og_locale":"es_MX","og_type":"article","og_title":"Concursos - Outfie","og_description":"Outfie - Concursos %","og_url":"https:\/\/myoutfie.com\/es\/concursos\/","og_site_name":"Outfie","article_publisher":"https:\/\/www.facebook.com\/outfieoficial","article_modified_time":"2025-07-10T10:27:26+00:00","og_image":[{"width":500,"height":500,"url":"https:\/\/myoutfie.com\/wp-content\/uploads\/2025\/01\/13.png","type":"image\/png"}],"twitter_card":"summary_large_image","twitter_misc":{"Tiempo de lectura":"3 minutos"},"schema":{"@context":"https:\/\/schema.org","@graph":[{"@type":"WebPage","@id":"https:\/\/myoutfie.com\/concursos\/","url":"https:\/\/myoutfie.com\/concursos\/","name":"Concursos - Outfie","isPartOf":{"@id":"https:\/\/myoutfie.com\/#website"},"primaryImageOfPage":{"@id":"https:\/\/myoutfie.com\/concursos\/#primaryimage"},"image":{"@id":"https:\/\/myoutfie.com\/concursos\/#primaryimage"},"thumbnailUrl":"https:\/\/myoutfie.com\/wp-content\/uploads\/2025\/01\/13.png","datePublished":"2024-11-24T20:53:13+00:00","dateModified":"2025-07-10T10:27:26+00:00","description":"Outfie - Concursos %","breadcrumb":{"@id":"https:\/\/myoutfie.com\/concursos\/#breadcrumb"},"inLanguage":"es","potentialAction":[{"@type":"ReadAction","target":["https:\/\/myoutfie.com\/concursos\/"]}]},{"@type":"ImageObject","inLanguage":"es","@id":"https:\/\/myoutfie.com\/concursos\/#primaryimage","url":"https:\/\/myoutfie.com\/wp-content\/uploads\/2025\/01\/13.png","contentUrl":"https:\/\/myoutfie.com\/wp-content\/uploads\/2025\/01\/13.png"},{"@type":"BreadcrumbList","@id":"https:\/\/myoutfie.com\/concursos\/#breadcrumb","itemListElement":[{"@type":"ListItem","position":1,"name":"Home","item":"https:\/\/myoutfie.com\/"},{"@type":"ListItem","position":2,"name":"Concursos"}]},{"@type":"WebSite","@id":"https:\/\/myoutfie.com\/#website","url":"https:\/\/myoutfie.com\/","name":"Outfie","description":"Asesoria de imagen, cursos de moda personal y nuestra tienda online de ropa y accesorios para optimizar tu closet","publisher":{"@id":"https:\/\/myoutfie.com\/#organization"},"potentialAction":[{"@type":"SearchAction","target":{"@type":"EntryPoint","urlTemplate":"https:\/\/myoutfie.com\/?s={search_term_string}"},"query-input":{"@type":"PropertyValueSpecification","valueRequired":true,"valueName":"search_term_string"}}],"inLanguage":"es"},{"@type":"Organization","@id":"https:\/\/myoutfie.com\/#organization","name":"Outfie","url":"https:\/\/myoutfie.com\/","logo":{"@type":"ImageObject","inLanguage":"es","@id":"https:\/\/myoutfie.com\/#\/schema\/logo\/image\/","url":"https:\/\/myoutfie.com\/wp-content\/uploads\/2024\/11\/logo-nuevo-negro-100-px.png","contentUrl":"https:\/\/myoutfie.com\/wp-content\/uploads\/2024\/11\/logo-nuevo-negro-100-px.png","width":100,"height":22,"caption":"Outfie"},"image":{"@id":"https:\/\/myoutfie.com\/#\/schema\/logo\/image\/"},"sameAs":["https:\/\/www.facebook.com\/outfieoficial","https:\/\/www.pinterest.com\/outfie"]}]}},"_links":{"self":[{"href":"https:\/\/myoutfie.com\/es\/wp-json\/wp\/v2\/pages\/30415","targetHints":{"allow":["GET"]}}],"collection":[{"href":"https:\/\/myoutfie.com\/es\/wp-json\/wp\/v2\/pages"}],"about":[{"href":"https:\/\/myoutfie.com\/es\/wp-json\/wp\/v2\/types\/page"}],"author":[{"embeddable":true,"href":"https:\/\/myoutfie.com\/es\/wp-json\/wp\/v2\/users\/1"}],"replies":[{"embeddable":true,"href":"https:\/\/myoutfie.com\/es\/wp-json\/wp\/v2\/comments?post=30415"}],"version-history":[{"count":100,"href":"https:\/\/myoutfie.com\/es\/wp-json\/wp\/v2\/pages\/30415\/revisions"}],"predecessor-version":[{"id":37502,"href":"https:\/\/myoutfie.com\/es\/wp-json\/wp\/v2\/pages\/30415\/revisions\/37502"}],"wp:attachment":[{"href":"https:\/\/myoutfie.com\/es\/wp-json\/wp\/v2\/media?parent=30415"}],"curies":[{"name":"wp","href":"https:\/\/api.w.org\/{rel}","templated":true}]}}