{"id":30420,"date":"2024-11-24T20:56:16","date_gmt":"2024-11-24T20:56:16","guid":{"rendered":"https:\/\/pruebas.renzobernuy.com\/?page_id=30420"},"modified":"2025-07-01T01:17:09","modified_gmt":"2025-07-01T06:17:09","slug":"politica-de-privacidad","status":"publish","type":"page","link":"https:\/\/myoutfie.com\/es\/politica-de-privacidad\/","title":{"rendered":"Politica de privacidad"},"content":{"rendered":"<div data-elementor-type=\"wp-page\" data-elementor-id=\"30420\" class=\"elementor elementor-30420\" data-elementor-post-type=\"page\">\n\t\t\t\t<div class=\"elementor-element elementor-element-52a6bca e-con-full e-flex e-con e-parent\" data-id=\"52a6bca\" data-element_type=\"container\">\n\t\t\t\t<div class=\"elementor-element elementor-element-8c8a754 elementor-widget elementor-widget-wd_text_block\" data-id=\"8c8a754\" data-element_type=\"widget\" data-widget_type=\"wd_text_block.default\">\n\t\t\t\t<div class=\"elementor-widget-container\">\n\t\t\t\t\t\t\t<div class=\"wd-text-block reset-last-child text-left\">\n\t\t\t\n\t\t\t<h3><span style=\"font-weight: 500;\">1. Registro &amp; Datos<\/span><\/h3><p><span style=\"font-weight: 500;\">Para comprar en www.myoutfie.com es necesario registrarse llenando un formulario simple, siendo una obligaci\u00f3n llenar todos los campos. El cliente se responsabiliza por cualquier dato err\u00f3neo que perjudique o atrase la entrega de su pedido.<\/span><\/p><p><span style=\"font-weight: 500;\">Los datos suministrados en tu compra o suscripci\u00f3n son confidenciales y ser\u00e1n usados para el uso comercial y exclusivo de la plataforma como env\u00edo de ofertas , promociones, y notificaciones de la misma con el fin de\u00a0 personalizar nuestra oferta y mejorar tu experiencia de compra.<\/span><\/p><h3><span style=\"font-weight: 500;\">2. Autorizaci\u00f3n de uso de Datos Personales<\/span><\/h3><p><span style=\"font-weight: 500;\">Algunos datos como direcci\u00f3n y tel\u00e9fono ser\u00e1n recogidos para realizar el env\u00edo. Ninguno de tus datos personales ser\u00e1n compartidos con una tercera parte, excepto proveedores que faciliten la experiencia de venta y post-venta.<\/span><\/p><p>Para tratar tus Datos Personales podremos necesitar la ayuda de terceras empresas (\u201cProveedores\u201d) que presten servicios a www.myoutfie.com, por ejemplo, servicios de marketing, log\u00edstica, transporte y\/o entrega de productos y servicios comercializados a trav\u00e9s de www.myoutfie.com, entre otros. Estos Proveedores desarrollar\u00e1n esa tarea como encargados de la Empresa VIP SOUL SAC que las contrate, actuando en nombre de esta \u00faltima; siguiendo sus instrucciones, someti\u00e9ndose a los t\u00e9rminos de esta autorizaci\u00f3n y adoptando medidas de seguridad y confidencialidad adecuadas para el Tratamiento de tus datos y el cumplimiento de las normas que regulan la protecci\u00f3n de la vida privada.<\/p><p>Todos estos Proveedores tendr\u00e1n un contrato vigente de prestaci\u00f3n de servicios con la empresa VIP SOUL SAC que corresponda y solo pueden tratar tus datos para efectos de dar cumplimiento con el encargo espec\u00edfico encomendado.\u00a0<\/p><h3><span style=\"font-weight: 500;\">3. \u00bf Por cu\u00e1nto tiempo mantendremos tus datos personales?<\/span><\/h3><p>Mantendremos tus Datos Personales de manera indefinida mientras sean necesarios (salvo aquellas disposiciones regulatorias o el ejercicio de revocatoria) para la finalidad para las cuales se recolectaron, salvo aquellos que por disposiciones legales o regulatorias deban ser mantenidos por per\u00edodos de tiempo que van m\u00e1s all\u00e1 de este t\u00e9rmino, en cuyo caso se mantendr\u00e1n por el periodo que indique esa normativa; o salvo que hagas ejercicio de tu derecho de revocatoria de la Autorizaci\u00f3n brindada.<\/p><h3>4.<span style=\"font-weight: 500;\">\u00bf Para qu\u00e9 usamos \"cookies\"?<\/span><\/h3><p>Al aceptar esta Pol\u00edtica de Privacidad, adem\u00e1s, autorizas a las Empresas Falabella el uso de cookies y tecnolog\u00edas similares para personalizar y mejorar tu experiencia de cliente y para mostrarte publicidad online relevante en los t\u00e9rminos que se indican a continuaci\u00f3n.<\/p><p>Durante tu visita a los sitios web y aplicaciones m\u00f3viles de la empresa VIP SOUL SAC, permaneces an\u00f3nimo, a menos que tengas una cuenta en alguno de los sitios web o aplicaciones m\u00f3viles de la Empresa VIP SOUL SAC en cuyo caso podr\u00edamos identificarte.<\/p><p>Las cookies son peque\u00f1os archivos de texto que contienen un identificador \u00fanico que se almacena en el computador o aparato m\u00f3vil a trav\u00e9s del cual accedes a los sitios web o apps de VIP SOUL SAC de manera que aquellos pueden ser reconocidos cada vez que usas estos sitios o aplicaciones m\u00f3viles.<\/p><p>Con excepci\u00f3n de las cookies que son necesarias para el funcionamiento del sitio o aplicaciones m\u00f3viles, puedes elegir deshabilitar en cualquier momento algunas o todas las cookies que utilizan la empresa. Sin embargo, esto podr\u00eda restringir tu uso del sitio web y\/o aplicaciones m\u00f3viles, ya que ciertas funcionalidades podr\u00edan no funcionar con cookies desactivadas y limitar tu experiencia en los mismos.<\/p><h3>5.<span style=\"font-weight: 500;\">\u00bf Cu\u00e1l es la vigencia de esta pol\u00edtica de tratamiento de datos?<\/span><\/h3><p>La presente Pol\u00edtica de Privacidad tiene duraci\u00f3n indefinida. Sin embargo, es posible que en el futuro modifiquemos la informaci\u00f3n contenida en esta Pol\u00edtica de Privacidad. En caso de que lo hagamos, te lo notificaremos por distintas v\u00edas, por ejemplo, a trav\u00e9s de un banner, un pop-up o una notificaci\u00f3n push, o incluso te lo comunicaremos a tu direcci\u00f3n de correo electr\u00f3nico cuando el cambio en cuesti\u00f3n sea significativo, de manera que puedas revisar los cambios, valorarlos y, en su caso, oponerte revocando tu consentimiento para tratar tus Datos Personales.<\/p><h3><span style=\"font-weight: 500;\">6. \u00bf Cu\u00e1les son tus derechos sobre tus datos personales?<\/span><\/h3><p>Puedes revocar en cualquier momento la autorizaci\u00f3n que entregas para tratar tus Datos Personales, en cuyo caso es posible que no puedas utilizar alguno o todos los servicios o beneficios que ofrece VIP SOUL SAC. Es tu derecho pedirnos informaci\u00f3n sobre los Datos Personales tuyos que hayamos recolectado y ejercer tus derechos de acceso, rectificaci\u00f3n, cancelaci\u00f3n, oposici\u00f3n revocaci\u00f3n y todos los dem\u00e1s derechos que confieren las normas que regulan la protecci\u00f3n de datos personales. Para ejercer estos derechos s\u00f3lo deber\u00e1s contactarte al correo electr\u00f3nico <strong>support@myoutfie.com<\/strong> indicando su nombre completo y DNI. Del mismo modo, siempre puedes solicitar la suspensi\u00f3n de comunicaciones promocionales o publicitarias, de conformidad a lo dispuesto en las normas legales aplicables o ajustar tus preferencias publicitarias a trav\u00e9s de tu cuenta en el sitio web de la empresa.<\/p>\n\t\t\t\t\t<\/div>\n\t\t\t\t\t\t<\/div>\n\t\t\t\t<\/div>\n\t\t\t\t<\/div>\n\t\t\t\t<\/div>","protected":false},"excerpt":{"rendered":"<p>1. Registro &amp; Datos Para comprar en www.myoutfie.com es necesario registrarse llenando un formulario simple, siendo una obligaci\u00f3n llenar todos<\/p>","protected":false},"author":1,"featured_media":0,"parent":0,"menu_order":0,"comment_status":"closed","ping_status":"closed","template":"","meta":{"_acf_changed":false,"footnotes":""},"class_list":["post-30420","page","type-page","status-publish","hentry"],"acf":[],"yoast_head":"<!-- This site is optimized with the Yoast SEO plugin v26.8 - https:\/\/yoast.com\/product\/yoast-seo-wordpress\/ -->\n<title>Politica de privacidad - Outfie<\/title>\n<meta name=\"description\" content=\"Outfie - Politica de privacidad\" \/>\n<meta name=\"robots\" content=\"noindex, nofollow\" \/>\n<meta property=\"og:locale\" content=\"es_MX\" \/>\n<meta property=\"og:type\" content=\"article\" \/>\n<meta property=\"og:title\" content=\"Politica de privacidad - Outfie\" \/>\n<meta property=\"og:description\" content=\"Outfie - Politica de privacidad\" \/>\n<meta property=\"og:url\" content=\"https:\/\/myoutfie.com\/es\/politica-de-privacidad\/\" \/>\n<meta property=\"og:site_name\" content=\"Outfie\" \/>\n<meta property=\"article:publisher\" content=\"https:\/\/www.facebook.com\/outfieoficial\" \/>\n<meta property=\"article:modified_time\" content=\"2025-07-01T06:17:09+00:00\" \/>\n<meta name=\"twitter:card\" content=\"summary_large_image\" \/>\n<meta name=\"twitter:label1\" content=\"Tiempo de lectura\" \/>\n\t<meta name=\"twitter:data1\" content=\"4 minutos\" \/>\n<script type=\"application\/ld+json\" class=\"yoast-schema-graph\">{\"@context\":\"https:\/\/schema.org\",\"@graph\":[{\"@type\":\"WebPage\",\"@id\":\"https:\/\/myoutfie.com\/politica-de-privacidad\/\",\"url\":\"https:\/\/myoutfie.com\/politica-de-privacidad\/\",\"name\":\"Politica de privacidad - Outfie\",\"isPartOf\":{\"@id\":\"https:\/\/myoutfie.com\/#website\"},\"datePublished\":\"2024-11-24T20:56:16+00:00\",\"dateModified\":\"2025-07-01T06:17:09+00:00\",\"description\":\"Outfie - Politica de privacidad\",\"breadcrumb\":{\"@id\":\"https:\/\/myoutfie.com\/politica-de-privacidad\/#breadcrumb\"},\"inLanguage\":\"es\",\"potentialAction\":[{\"@type\":\"ReadAction\",\"target\":[\"https:\/\/myoutfie.com\/politica-de-privacidad\/\"]}]},{\"@type\":\"BreadcrumbList\",\"@id\":\"https:\/\/myoutfie.com\/politica-de-privacidad\/#breadcrumb\",\"itemListElement\":[{\"@type\":\"ListItem\",\"position\":1,\"name\":\"Home\",\"item\":\"https:\/\/myoutfie.com\/\"},{\"@type\":\"ListItem\",\"position\":2,\"name\":\"Politica de privacidad\"}]},{\"@type\":\"WebSite\",\"@id\":\"https:\/\/myoutfie.com\/#website\",\"url\":\"https:\/\/myoutfie.com\/\",\"name\":\"Outfie\",\"description\":\"Asesoria de imagen, cursos de moda personal y nuestra tienda online de ropa y accesorios para optimizar tu closet\",\"publisher\":{\"@id\":\"https:\/\/myoutfie.com\/#organization\"},\"potentialAction\":[{\"@type\":\"SearchAction\",\"target\":{\"@type\":\"EntryPoint\",\"urlTemplate\":\"https:\/\/myoutfie.com\/?s={search_term_string}\"},\"query-input\":{\"@type\":\"PropertyValueSpecification\",\"valueRequired\":true,\"valueName\":\"search_term_string\"}}],\"inLanguage\":\"es\"},{\"@type\":\"Organization\",\"@id\":\"https:\/\/myoutfie.com\/#organization\",\"name\":\"Outfie\",\"url\":\"https:\/\/myoutfie.com\/\",\"logo\":{\"@type\":\"ImageObject\",\"inLanguage\":\"es\",\"@id\":\"https:\/\/myoutfie.com\/#\/schema\/logo\/image\/\",\"url\":\"https:\/\/myoutfie.com\/wp-content\/uploads\/2024\/11\/logo-nuevo-negro-100-px.png\",\"contentUrl\":\"https:\/\/myoutfie.com\/wp-content\/uploads\/2024\/11\/logo-nuevo-negro-100-px.png\",\"width\":100,\"height\":22,\"caption\":\"Outfie\"},\"image\":{\"@id\":\"https:\/\/myoutfie.com\/#\/schema\/logo\/image\/\"},\"sameAs\":[\"https:\/\/www.facebook.com\/outfieoficial\",\"https:\/\/www.pinterest.com\/outfie\"]}]}<\/script>\n<!-- \/ Yoast SEO plugin. -->","yoast_head_json":{"title":"Politica de privacidad - Outfie","description":"Outfie - Politica de privacidad","robots":{"index":"noindex","follow":"nofollow"},"og_locale":"es_MX","og_type":"article","og_title":"Politica de privacidad - Outfie","og_description":"Outfie - Politica de privacidad","og_url":"https:\/\/myoutfie.com\/es\/politica-de-privacidad\/","og_site_name":"Outfie","article_publisher":"https:\/\/www.facebook.com\/outfieoficial","article_modified_time":"2025-07-01T06:17:09+00:00","twitter_card":"summary_large_image","twitter_misc":{"Tiempo de lectura":"4 minutos"},"schema":{"@context":"https:\/\/schema.org","@graph":[{"@type":"WebPage","@id":"https:\/\/myoutfie.com\/politica-de-privacidad\/","url":"https:\/\/myoutfie.com\/politica-de-privacidad\/","name":"Politica de privacidad - Outfie","isPartOf":{"@id":"https:\/\/myoutfie.com\/#website"},"datePublished":"2024-11-24T20:56:16+00:00","dateModified":"2025-07-01T06:17:09+00:00","description":"Outfie - Politica de privacidad","breadcrumb":{"@id":"https:\/\/myoutfie.com\/politica-de-privacidad\/#breadcrumb"},"inLanguage":"es","potentialAction":[{"@type":"ReadAction","target":["https:\/\/myoutfie.com\/politica-de-privacidad\/"]}]},{"@type":"BreadcrumbList","@id":"https:\/\/myoutfie.com\/politica-de-privacidad\/#breadcrumb","itemListElement":[{"@type":"ListItem","position":1,"name":"Home","item":"https:\/\/myoutfie.com\/"},{"@type":"ListItem","position":2,"name":"Politica de privacidad"}]},{"@type":"WebSite","@id":"https:\/\/myoutfie.com\/#website","url":"https:\/\/myoutfie.com\/","name":"Outfie","description":"Asesoria de imagen, cursos de moda personal y nuestra tienda online de ropa y accesorios para optimizar tu closet","publisher":{"@id":"https:\/\/myoutfie.com\/#organization"},"potentialAction":[{"@type":"SearchAction","target":{"@type":"EntryPoint","urlTemplate":"https:\/\/myoutfie.com\/?s={search_term_string}"},"query-input":{"@type":"PropertyValueSpecification","valueRequired":true,"valueName":"search_term_string"}}],"inLanguage":"es"},{"@type":"Organization","@id":"https:\/\/myoutfie.com\/#organization","name":"Outfie","url":"https:\/\/myoutfie.com\/","logo":{"@type":"ImageObject","inLanguage":"es","@id":"https:\/\/myoutfie.com\/#\/schema\/logo\/image\/","url":"https:\/\/myoutfie.com\/wp-content\/uploads\/2024\/11\/logo-nuevo-negro-100-px.png","contentUrl":"https:\/\/myoutfie.com\/wp-content\/uploads\/2024\/11\/logo-nuevo-negro-100-px.png","width":100,"height":22,"caption":"Outfie"},"image":{"@id":"https:\/\/myoutfie.com\/#\/schema\/logo\/image\/"},"sameAs":["https:\/\/www.facebook.com\/outfieoficial","https:\/\/www.pinterest.com\/outfie"]}]}},"_links":{"self":[{"href":"https:\/\/myoutfie.com\/es\/wp-json\/wp\/v2\/pages\/30420","targetHints":{"allow":["GET"]}}],"collection":[{"href":"https:\/\/myoutfie.com\/es\/wp-json\/wp\/v2\/pages"}],"about":[{"href":"https:\/\/myoutfie.com\/es\/wp-json\/wp\/v2\/types\/page"}],"author":[{"embeddable":true,"href":"https:\/\/myoutfie.com\/es\/wp-json\/wp\/v2\/users\/1"}],"replies":[{"embeddable":true,"href":"https:\/\/myoutfie.com\/es\/wp-json\/wp\/v2\/comments?post=30420"}],"version-history":[{"count":17,"href":"https:\/\/myoutfie.com\/es\/wp-json\/wp\/v2\/pages\/30420\/revisions"}],"predecessor-version":[{"id":38636,"href":"https:\/\/myoutfie.com\/es\/wp-json\/wp\/v2\/pages\/30420\/revisions\/38636"}],"wp:attachment":[{"href":"https:\/\/myoutfie.com\/es\/wp-json\/wp\/v2\/media?parent=30420"}],"curies":[{"name":"wp","href":"https:\/\/api.w.org\/{rel}","templated":true}]}}